{"id":3619,"date":"2022-09-05T16:53:12","date_gmt":"2022-09-05T14:53:12","guid":{"rendered":"https:\/\/www.campingorangeraie.com\/camping-animation-calig\/"},"modified":"2026-01-22T10:41:53","modified_gmt":"2026-01-22T09:41:53","slug":"camping-animatie-calig","status":"publish","type":"page","link":"https:\/\/www.campingorangeraie.com\/nl\/camping-animatie-calig\/","title":{"rendered":"Nos animations familiales"},"content":{"rendered":"<section id=\"ls-section-block_3be5db24593332187ab8d43bf68eda71\" class=\"ls-section  page-entete animated fadeInUp delay-200ms has-p-t p-t-14\" >\n        <div class=\"container container--wide\">\n        \n\n<h1 class=\"ls__heading wp-block-heading has-text-align-left\">Top familievermaak op de camping in C\u00c0lig<\/h1>\n\n\n    <\/div>\n<\/section>\n\n<section id=\"ls-section-block_9d535faa092021cc5a3bf7f5cec5dd8b\" class=\"ls-section  page-one has-p-b p-b-14\" >\n        <div class=\"container container--wide\">\n        \n\n<div class=\"wp-block-columns is-layout-flex wp-container-core-columns-is-layout-9d6595d7 wp-block-columns-is-layout-flex\">\n<div class=\"wp-block-column is-layout-flow wp-block-column-is-layout-flow\" style=\"flex-basis:66.66%\">\n<figure class=\"wp-block-gallery has-nested-images columns-default is-cropped wp-block-gallery-1 is-layout-flex wp-block-gallery-is-layout-flex\">\n<figure class=\"wp-block-image size-full animated fadeInRight delay-500ms\"><a href=\"https:\/\/www.campingorangeraie.com\/wp-content\/uploads\/2022\/09\/espace-aquatique-jeux.jpg\"><img loading=\"lazy\" decoding=\"async\" width=\"800\" height=\"600\" data-id=\"1154\" src=\"https:\/\/www.campingorangeraie.com\/wp-content\/uploads\/2022\/09\/espace-aquatique-jeux.jpg\" alt=\"camping avec piscine \" class=\"wp-image-1154\" srcset=\"https:\/\/www.campingorangeraie.com\/wp-content\/uploads\/2022\/09\/espace-aquatique-jeux.jpg 800w, https:\/\/www.campingorangeraie.com\/wp-content\/uploads\/2022\/09\/espace-aquatique-jeux-300x225.jpg 300w, https:\/\/www.campingorangeraie.com\/wp-content\/uploads\/2022\/09\/espace-aquatique-jeux-768x576.jpg 768w\" sizes=\"auto, (max-width: 800px) 100vw, 800px\" \/><\/a><\/figure>\n\n\n\n<figure class=\"wp-block-image size-full animated fadeInLeft delay-500ms\"><a href=\"https:\/\/www.campingorangeraie.com\/wp-content\/uploads\/2025\/12\/Glamping-Orangeraie-2024-37-scaled.jpg\"><img loading=\"lazy\" decoding=\"async\" width=\"2560\" height=\"1707\" data-id=\"14456\" src=\"https:\/\/www.campingorangeraie.com\/wp-content\/uploads\/2025\/12\/Glamping-Orangeraie-2024-37-scaled.jpg\" alt=\"\" class=\"wp-image-14456\" srcset=\"https:\/\/www.campingorangeraie.com\/wp-content\/uploads\/2025\/12\/Glamping-Orangeraie-2024-37-scaled.jpg 2560w, https:\/\/www.campingorangeraie.com\/wp-content\/uploads\/2025\/12\/Glamping-Orangeraie-2024-37-300x200.jpg 300w, https:\/\/www.campingorangeraie.com\/wp-content\/uploads\/2025\/12\/Glamping-Orangeraie-2024-37-1024x683.jpg 1024w, https:\/\/www.campingorangeraie.com\/wp-content\/uploads\/2025\/12\/Glamping-Orangeraie-2024-37-768x512.jpg 768w, https:\/\/www.campingorangeraie.com\/wp-content\/uploads\/2025\/12\/Glamping-Orangeraie-2024-37-1536x1024.jpg 1536w, https:\/\/www.campingorangeraie.com\/wp-content\/uploads\/2025\/12\/Glamping-Orangeraie-2024-37-2048x1365.jpg 2048w\" sizes=\"auto, (max-width: 2560px) 100vw, 2560px\" \/><\/a><\/figure>\n<\/figure>\n<\/div>\n\n\n\n<div class=\"wp-block-column is-vertically-aligned-center is-layout-flow wp-block-column-is-layout-flow\" style=\"flex-basis:33.33%\">\n<h2 class=\"ls__heading wp-block-heading\">Vakantie op Camping in Castell\u00f3n<\/h2>\n\n\n\n<p class=\"ls-paragraph\">De buitenfaciliteiten van uw 3-sterren camping in Pe\u00f1\u00edscola, Spanje, omvatten een zwembad, zwembaden, tafeltennis, een multisportterrein en een kinderspeelplaats. Van <strong>talrijke evenementen<\/strong> in juli en augustus voor uw kampeervakantie in Spanje: een breed scala aan <strong>verschillende activiteiten rond het zwembad<\/strong> gedurende de dag.<\/p>\n\n\n\n<p class=\"ls-paragraph\">In augustus bieden wij u de volgende activiteiten aan:<\/p>\n<\/div>\n<\/div>\n\n\n    <\/div>\n<\/section>\n\n<section id=\"ls-section-block_52eb07254255076624344e50aaec2ece\" class=\"ls-section  page-two petal-left has-background has-color-3-background-color has-p-t p-t-14 has-p-b p-b-14\" >\n        <div class=\"container container--wide\">\n        \n\n<div class=\"wp-block-columns is-layout-flex wp-container-core-columns-is-layout-9d6595d7 wp-block-columns-is-layout-flex\">\n<div class=\"wp-block-column is-vertically-aligned-center is-layout-flow wp-block-column-is-layout-flow\" style=\"flex-basis:33.33%\">\n<h2 class=\"ls__heading wp-block-heading\">Onze kinderspeelplaats<\/h2>\n\n\n\n<p class=\"ls-paragraph\">Ons <strong>kindergedeelte<\/strong> met schommels, glijbaan, kleine paarden is bestemd voor kinderen tot 10 jaar. Het wordt beschermd door een hek om de omtrek te beveiligen. Het is &#8217;s nachts gesloten. Wij raden ouders echter sterk aan hun kinderen in de gaten te houden. De vloer is bedekt met rond grind om verwondingen te voorkomen.<\/p>\n\n\n\n<h2 class=\"ls__heading wp-block-heading\">Onze animaties voor kinderen<\/h2>\n\n\n\n<p class=\"ls-paragraph\">In juli en augustus zorgt onze <a href=\"\/nl\/\">camping <\/a> in C\u00e0lig voor uw kinderen met zijn <strong>gekwalificeerde en gespecialiseerde animatoren<\/strong>. Ze zullen zich kunnen vermaken, zowel in de speeltuin als in het zwembad. Op regenachtige dagen (zeer zeldzaam) worden verschillende workshops georganiseerd in de beschutte zones.<\/p>\n\n\n\n<p class=\"ls-paragraph\">Onze animatoren van L&#8217;Orangeraie zullen luisteren naar de specifieke behoeften van uw kinderen (bescherming tegen de zon, allergie\u00ebn) en zullen uw instructies nauwgezet opvolgen.<\/p>\n<\/div>\n\n\n\n<div class=\"wp-block-column is-layout-flow wp-block-column-is-layout-flow\" style=\"flex-basis:66.66%\">\n<figure class=\"wp-block-gallery has-nested-images columns-default is-cropped wp-block-gallery-2 is-layout-flex wp-block-gallery-is-layout-flex\">\n<figure class=\"wp-block-image size-full animated fadeInLeft delay-200ms\"><a href=\"https:\/\/www.campingorangeraie.com\/wp-content\/uploads\/2022\/09\/animations-enfants.jpg\"><img loading=\"lazy\" decoding=\"async\" width=\"800\" height=\"600\" data-id=\"1161\" src=\"https:\/\/www.campingorangeraie.com\/wp-content\/uploads\/2022\/09\/animations-enfants.jpg\" alt=\"animations enfants l'orangeraie\" class=\"wp-image-1161\" srcset=\"https:\/\/www.campingorangeraie.com\/wp-content\/uploads\/2022\/09\/animations-enfants.jpg 800w, https:\/\/www.campingorangeraie.com\/wp-content\/uploads\/2022\/09\/animations-enfants-300x225.jpg 300w, https:\/\/www.campingorangeraie.com\/wp-content\/uploads\/2022\/09\/animations-enfants-768x576.jpg 768w\" sizes=\"auto, (max-width: 800px) 100vw, 800px\" \/><\/a><\/figure>\n\n\n\n<figure class=\"wp-block-image size-full animated fadeInRight delay-200ms\"><a href=\"https:\/\/www.campingorangeraie.com\/wp-content\/uploads\/2024\/10\/camping-orangeraie-con-zona-de-juegos-para-los-ninos-en-calig.webp\"><img loading=\"lazy\" decoding=\"async\" width=\"667\" height=\"1000\" data-id=\"11124\" src=\"https:\/\/www.campingorangeraie.com\/wp-content\/uploads\/2024\/10\/camping-orangeraie-con-zona-de-juegos-para-los-ninos-en-calig.webp\" alt=\"\" class=\"wp-image-11124\" srcset=\"https:\/\/www.campingorangeraie.com\/wp-content\/uploads\/2024\/10\/camping-orangeraie-con-zona-de-juegos-para-los-ninos-en-calig.webp 667w, https:\/\/www.campingorangeraie.com\/wp-content\/uploads\/2024\/10\/camping-orangeraie-con-zona-de-juegos-para-los-ninos-en-calig-200x300.webp 200w\" sizes=\"auto, (max-width: 667px) 100vw, 667px\" \/><\/a><\/figure>\n<\/figure>\n<\/div>\n<\/div>\n\n\n\n<h2 class=\"ls__heading wp-block-heading\">Onze avondevenementen<\/h2>\n\n\n\n<p class=\"ls-paragraph has-text-align-left\">We hebben 3 avonden in juli en augustus en 1 in juni en september. U vindt er de onvervangbare Andalusische Flamenco, gedanst door lokale artiesten. Dezelfde groep, uit de omgeving van Peniscola, biedt een tweede show met Spaanse dansen uit Valencia en andere hedendaagse dansen.<\/p>\n\n\n\n<p class=\"ls-paragraph has-text-align-left\">Een jazzband, met muzikanten uit C\u00e0lig, Benicarl\u00f3 en Pe\u00f1\u00edscola, zal de avondmaaltijden verzorgen.<\/p>\n\n\n\n<p class=\"ls-paragraph has-text-align-left\">Andere <strong>internationale vari\u00e9t\u00e9groepen<\/strong> zullen &#8217;s avonds optreden.<\/p>\n\n\n\n<p class=\"ls-paragraph has-text-align-left\">De kers op de taart is dat een van onze entertainers een liedjesavond aanbiedt.<\/p>\n\n\n    <\/div>\n<\/section>\n\n<section id=\"ls-section-block_eeed5b0b5257cec22a8bd94427338a3d\" class=\"ls-section  has-background-image has-parallax has-background has-color-2-background-color has-p-t p-t-30 has-p-b p-b-30\" >\n    <div class=\"ls-section__background-image opacity-50\"><img decoding=\"async\" src=\"https:\/\/www.campingorangeraie.com\/wp-content\/uploads\/2022\/09\/groupe-music-animation-soir-camping.jpg\" alt=\"groupe musique soir camping animation\"><\/div>    <div class=\"container container--wide\">\n        \n\n<h2 class=\"ls__heading wp-block-heading has-text-align-center\"><\/h2>\n\n\n\n<p class=\"ls-paragraph has-text-align-center\"><\/p>\n\n\n    <\/div>\n<\/section>\n\n<section id=\"ls-section-block_e2495a471b51622dab3102bcdec22832\" class=\"ls-section  page-under-parallax animated fadeInUp has-background has-color-white-background-color has-p-t p-t-1 has-p-b p-b-14\" >\n        <div class=\"container \">\n        \n    <\/div>\n<\/section>\n\n<section id=\"ls-section-block_bf039de94eda84055094fdf555b9d54e\" class=\"ls-section  page-avis petal-right has-background has-color-3-background-color has-p-t p-t-14 has-p-b p-b-14\" >\n        <div class=\"container \">\n        \n\n<div id=\"ls-heading ls-titre-div-block_62b7c2f6030ff67f33fb15a838ee5515\" class=\"ls-titre-div aligncenter h2-like\" >\n    Wat vinden onze klanten van onze diensten?<\/div>\n\n\n<div class=\"avis-container-pages\"><div class=\"avis\"><div class=\"avis-user\"><div class=\"avis-note\">\n                <span><i class=\"orangeraie_one-etoile\"><\/i><\/span><span><i class=\"orangeraie_one-etoile\"><\/i><\/span><span><i class=\"orangeraie_one-etoile\"><\/i><\/span><span><i class=\"orangeraie_one-etoile\"><\/i><\/span><span><i class=\"orangeraie_one-etoile\"><\/i><\/span>\n                <\/div><div class=\"avis-name\">Frederic<\/div><div class=\"avis-content\"><p>Nous y sommes all\u00e9e la premi\u00e8re semaine des vacances de p\u00e2ques en mobil home !!!<br \/>\nCamping calme, tr\u00e8s propre, \u00e9quipement au top, animation pour les adultes et les enfants (sport, mini disco, activit\u00e9s pour les enfants &#8230;) !!! Merci Shana !!!<\/p>\n<\/div><\/div><\/div><\/div>\n\n\n    <\/div>\n<\/section>\n\n<section id=\"ls-section-block_d7891d0c4c6481acfc517a4f55026281\" class=\"ls-section  page-maillage has-p-t p-t-14 has-p-b p-b-14\" >\n        <div class=\"container container--wide\">\n        \n\n<div id=\"ls-heading ls-titre-div-block_dd521ec5ac8f91c09802b5b9b575a7b8\" class=\"ls-titre-div aligncenter h2-like\" >\n    Ontdek de diensten, het zwembad en de stacaravans van onze camping<\/div>\n\n\n<div id=\"ls-maillage-block_c268664aa7caddd9cb1884548074de25\" class=\"ls-maillage cta-style-normal\" data-rows=\"3\">\r\n    <div class=\"wp-block-columns\"><div class=\"wp-block-column\">\n\n<a href=\"https:\/\/www.campingorangeraie.com\/nl\/camping-ruimte-water-calig\/\" target=\"\" rel=\"noopener\" class=\"ls-cta__link\" data-categ=\"\">\n\t<div class=\"ls-cta__image\"><img decoding=\"async\" src=\"https:\/\/www.campingorangeraie.com\/wp-content\/uploads\/2022\/09\/piscine-camping-paradis-lorangeraie.jpg\" alt=\"piscine camping paradis l'orangeraie\"><\/div>\n\t<div class=\"ls-cta__title\">\n\t\tZwembad\t<\/div>\n\n\t<\/a><\/div><div class=\"wp-block-column\">\n\n<a href=\"https:\/\/www.campingorangeraie.com\/nl\/locatie-stacaravan-calig\/\" target=\"\" rel=\"noopener\" class=\"ls-cta__link\" data-categ=\"\">\n\t<div class=\"ls-cta__image\"><img decoding=\"async\" src=\"https:\/\/www.campingorangeraie.com\/wp-content\/uploads\/2022\/09\/Camping-de-lorangeraie-2021-84-1-scaled.jpeg\" alt=\"location mobil home orangeraie\"><\/div>\n\t<div class=\"ls-cta__title\">\n\t\tOnze stacaravans\t<\/div>\n\n\t<\/a><\/div><div class=\"wp-block-column\">\n\n<a href=\"https:\/\/www.campingorangeraie.com\/nl\/camping-familiaal-calig\/\" target=\"\" rel=\"noopener\" class=\"ls-cta__link\" data-categ=\"\">\n\t<div class=\"ls-cta__image\"><img decoding=\"async\" src=\"https:\/\/www.campingorangeraie.com\/wp-content\/uploads\/2022\/09\/service-camping-orangeraie.jpg\" alt=\"service camping orangeraie\"><\/div>\n\t<div class=\"ls-cta__title\">\n\t\tNos services\t<\/div>\n\n\t<\/a><\/div><\/div><\/div>\n\n    <\/div>\n<\/section>","protected":false},"excerpt":{"rendered":"","protected":false},"author":1,"featured_media":14451,"parent":0,"menu_order":0,"comment_status":"closed","ping_status":"closed","template":"","meta":{"_acf_changed":false,"footnotes":""},"sujet":[],"class_list":["post-3619","page","type-page","status-publish","has-post-thumbnail","hentry"],"acf":[],"yoast_head":"<!-- This site is optimized with the Yoast SEO plugin v23.4 - https:\/\/yoast.com\/wordpress\/plugins\/seo\/ -->\n<title>Camping animaties Calig | Camping activiteiten Castellon (12)<\/title>\n<meta name=\"description\" content=\"Vind hier al onze activiteiten om te doen tijdens uw verblijf op een 3 sterren camping in Spanje. Activiteiten voor het hele gezin!\" \/>\n<meta name=\"robots\" content=\"index, follow, max-snippet:-1, max-image-preview:large, max-video-preview:-1\" \/>\n<link rel=\"canonical\" href=\"https:\/\/www.campingorangeraie.com\/nl\/camping-animatie-calig\/\" \/>\n<meta property=\"og:locale\" content=\"nl_NL\" \/>\n<meta property=\"og:type\" content=\"article\" \/>\n<meta property=\"og:title\" content=\"Camping animaties Calig | Camping activiteiten Castellon (12)\" \/>\n<meta property=\"og:description\" content=\"Vind hier al onze activiteiten om te doen tijdens uw verblijf op een 3 sterren camping in Spanje. Activiteiten voor het hele gezin!\" \/>\n<meta property=\"og:url\" content=\"https:\/\/www.campingorangeraie.com\/nl\/camping-animatie-calig\/\" \/>\n<meta property=\"og:site_name\" content=\"Camping Orangeraie\" \/>\n<meta property=\"article:modified_time\" content=\"2026-01-22T09:41:53+00:00\" \/>\n<meta property=\"og:image\" content=\"https:\/\/www.campingorangeraie.com\/wp-content\/uploads\/2025\/12\/Jeux-enfants-orangeraie-2025-3-scaled.jpg\" \/>\n\t<meta property=\"og:image:width\" content=\"2560\" \/>\n\t<meta property=\"og:image:height\" content=\"1409\" \/>\n\t<meta property=\"og:image:type\" content=\"image\/jpeg\" \/>\n<meta name=\"twitter:card\" content=\"summary_large_image\" \/>\n<meta name=\"twitter:label1\" content=\"Geschatte leestijd\" \/>\n\t<meta name=\"twitter:data1\" content=\"3 minuten\" \/>\n<script type=\"application\/ld+json\" class=\"yoast-schema-graph\">{\"@context\":\"https:\/\/schema.org\",\"@graph\":[{\"@type\":\"WebPage\",\"@id\":\"https:\/\/www.campingorangeraie.com\/nl\/camping-animatie-calig\/\",\"url\":\"https:\/\/www.campingorangeraie.com\/nl\/camping-animatie-calig\/\",\"name\":\"Camping animaties Calig | Camping activiteiten Castellon (12)\",\"isPartOf\":{\"@id\":\"https:\/\/www.campingorangeraie.com\/#website\"},\"primaryImageOfPage\":{\"@id\":\"https:\/\/www.campingorangeraie.com\/nl\/camping-animatie-calig\/#primaryimage\"},\"image\":{\"@id\":\"https:\/\/www.campingorangeraie.com\/nl\/camping-animatie-calig\/#primaryimage\"},\"thumbnailUrl\":\"https:\/\/www.campingorangeraie.com\/wp-content\/uploads\/2025\/12\/Jeux-enfants-orangeraie-2025-3-scaled.jpg\",\"datePublished\":\"2022-09-05T14:53:12+00:00\",\"dateModified\":\"2026-01-22T09:41:53+00:00\",\"description\":\"Vind hier al onze activiteiten om te doen tijdens uw verblijf op een 3 sterren camping in Spanje. Activiteiten voor het hele gezin!\",\"breadcrumb\":{\"@id\":\"https:\/\/www.campingorangeraie.com\/nl\/camping-animatie-calig\/#breadcrumb\"},\"inLanguage\":\"nl-NL\",\"potentialAction\":[{\"@type\":\"ReadAction\",\"target\":[\"https:\/\/www.campingorangeraie.com\/nl\/camping-animatie-calig\/\"]}]},{\"@type\":\"ImageObject\",\"inLanguage\":\"nl-NL\",\"@id\":\"https:\/\/www.campingorangeraie.com\/nl\/camping-animatie-calig\/#primaryimage\",\"url\":\"https:\/\/www.campingorangeraie.com\/wp-content\/uploads\/2025\/12\/Jeux-enfants-orangeraie-2025-3-scaled.jpg\",\"contentUrl\":\"https:\/\/www.campingorangeraie.com\/wp-content\/uploads\/2025\/12\/Jeux-enfants-orangeraie-2025-3-scaled.jpg\",\"width\":2560,\"height\":1409,\"caption\":\"Camping Orangeraie @2025 @kikevist_Thierry\"},{\"@type\":\"BreadcrumbList\",\"@id\":\"https:\/\/www.campingorangeraie.com\/nl\/camping-animatie-calig\/#breadcrumb\",\"itemListElement\":[{\"@type\":\"ListItem\",\"position\":1,\"name\":\"Camping Peniscola\",\"item\":\"https:\/\/www.campingorangeraie.com\/nl\/\"},{\"@type\":\"ListItem\",\"position\":2,\"name\":\"Camping met activiteiten in Castellon\"}]},{\"@type\":\"WebSite\",\"@id\":\"https:\/\/www.campingorangeraie.com\/#website\",\"url\":\"https:\/\/www.campingorangeraie.com\/\",\"name\":\"Camping Orangeraie\",\"description\":\"\",\"publisher\":{\"@id\":\"https:\/\/www.campingorangeraie.com\/#organization\"},\"potentialAction\":[{\"@type\":\"SearchAction\",\"target\":{\"@type\":\"EntryPoint\",\"urlTemplate\":\"https:\/\/www.campingorangeraie.com\/?s={search_term_string}\"},\"query-input\":{\"@type\":\"PropertyValueSpecification\",\"valueRequired\":true,\"valueName\":\"search_term_string\"}}],\"inLanguage\":\"nl-NL\"},{\"@type\":\"Organization\",\"@id\":\"https:\/\/www.campingorangeraie.com\/#organization\",\"name\":\"Camping L'Orangeraie\",\"url\":\"https:\/\/www.campingorangeraie.com\/\",\"logo\":{\"@type\":\"ImageObject\",\"inLanguage\":\"nl-NL\",\"@id\":\"https:\/\/www.campingorangeraie.com\/#\/schema\/logo\/image\/\",\"url\":\"https:\/\/www.campingorangeraie.com\/wp-content\/uploads\/2022\/09\/logo_orangeraie-banner.png\",\"contentUrl\":\"https:\/\/www.campingorangeraie.com\/wp-content\/uploads\/2022\/09\/logo_orangeraie-banner.png\",\"width\":500,\"height\":500,\"caption\":\"Camping L'Orangeraie\"},\"image\":{\"@id\":\"https:\/\/www.campingorangeraie.com\/#\/schema\/logo\/image\/\"}}]}<\/script>\n<!-- \/ Yoast SEO plugin. -->","yoast_head_json":{"title":"Camping animaties Calig | Camping activiteiten Castellon (12)","description":"Vind hier al onze activiteiten om te doen tijdens uw verblijf op een 3 sterren camping in Spanje. Activiteiten voor het hele gezin!","robots":{"index":"index","follow":"follow","max-snippet":"max-snippet:-1","max-image-preview":"max-image-preview:large","max-video-preview":"max-video-preview:-1"},"canonical":"https:\/\/www.campingorangeraie.com\/nl\/camping-animatie-calig\/","og_locale":"nl_NL","og_type":"article","og_title":"Camping animaties Calig | Camping activiteiten Castellon (12)","og_description":"Vind hier al onze activiteiten om te doen tijdens uw verblijf op een 3 sterren camping in Spanje. Activiteiten voor het hele gezin!","og_url":"https:\/\/www.campingorangeraie.com\/nl\/camping-animatie-calig\/","og_site_name":"Camping Orangeraie","article_modified_time":"2026-01-22T09:41:53+00:00","og_image":[{"width":2560,"height":1409,"url":"https:\/\/www.campingorangeraie.com\/wp-content\/uploads\/2025\/12\/Jeux-enfants-orangeraie-2025-3-scaled.jpg","type":"image\/jpeg"}],"twitter_card":"summary_large_image","twitter_misc":{"Geschatte leestijd":"3 minuten"},"schema":{"@context":"https:\/\/schema.org","@graph":[{"@type":"WebPage","@id":"https:\/\/www.campingorangeraie.com\/nl\/camping-animatie-calig\/","url":"https:\/\/www.campingorangeraie.com\/nl\/camping-animatie-calig\/","name":"Camping animaties Calig | Camping activiteiten Castellon (12)","isPartOf":{"@id":"https:\/\/www.campingorangeraie.com\/#website"},"primaryImageOfPage":{"@id":"https:\/\/www.campingorangeraie.com\/nl\/camping-animatie-calig\/#primaryimage"},"image":{"@id":"https:\/\/www.campingorangeraie.com\/nl\/camping-animatie-calig\/#primaryimage"},"thumbnailUrl":"https:\/\/www.campingorangeraie.com\/wp-content\/uploads\/2025\/12\/Jeux-enfants-orangeraie-2025-3-scaled.jpg","datePublished":"2022-09-05T14:53:12+00:00","dateModified":"2026-01-22T09:41:53+00:00","description":"Vind hier al onze activiteiten om te doen tijdens uw verblijf op een 3 sterren camping in Spanje. Activiteiten voor het hele gezin!","breadcrumb":{"@id":"https:\/\/www.campingorangeraie.com\/nl\/camping-animatie-calig\/#breadcrumb"},"inLanguage":"nl-NL","potentialAction":[{"@type":"ReadAction","target":["https:\/\/www.campingorangeraie.com\/nl\/camping-animatie-calig\/"]}]},{"@type":"ImageObject","inLanguage":"nl-NL","@id":"https:\/\/www.campingorangeraie.com\/nl\/camping-animatie-calig\/#primaryimage","url":"https:\/\/www.campingorangeraie.com\/wp-content\/uploads\/2025\/12\/Jeux-enfants-orangeraie-2025-3-scaled.jpg","contentUrl":"https:\/\/www.campingorangeraie.com\/wp-content\/uploads\/2025\/12\/Jeux-enfants-orangeraie-2025-3-scaled.jpg","width":2560,"height":1409,"caption":"Camping Orangeraie @2025 @kikevist_Thierry"},{"@type":"BreadcrumbList","@id":"https:\/\/www.campingorangeraie.com\/nl\/camping-animatie-calig\/#breadcrumb","itemListElement":[{"@type":"ListItem","position":1,"name":"Camping Peniscola","item":"https:\/\/www.campingorangeraie.com\/nl\/"},{"@type":"ListItem","position":2,"name":"Camping met activiteiten in Castellon"}]},{"@type":"WebSite","@id":"https:\/\/www.campingorangeraie.com\/#website","url":"https:\/\/www.campingorangeraie.com\/","name":"Camping Orangeraie","description":"","publisher":{"@id":"https:\/\/www.campingorangeraie.com\/#organization"},"potentialAction":[{"@type":"SearchAction","target":{"@type":"EntryPoint","urlTemplate":"https:\/\/www.campingorangeraie.com\/?s={search_term_string}"},"query-input":{"@type":"PropertyValueSpecification","valueRequired":true,"valueName":"search_term_string"}}],"inLanguage":"nl-NL"},{"@type":"Organization","@id":"https:\/\/www.campingorangeraie.com\/#organization","name":"Camping L'Orangeraie","url":"https:\/\/www.campingorangeraie.com\/","logo":{"@type":"ImageObject","inLanguage":"nl-NL","@id":"https:\/\/www.campingorangeraie.com\/#\/schema\/logo\/image\/","url":"https:\/\/www.campingorangeraie.com\/wp-content\/uploads\/2022\/09\/logo_orangeraie-banner.png","contentUrl":"https:\/\/www.campingorangeraie.com\/wp-content\/uploads\/2022\/09\/logo_orangeraie-banner.png","width":500,"height":500,"caption":"Camping L'Orangeraie"},"image":{"@id":"https:\/\/www.campingorangeraie.com\/#\/schema\/logo\/image\/"}}]}},"_links":{"self":[{"href":"https:\/\/www.campingorangeraie.com\/nl\/wp-json\/wp\/v2\/pages\/3619","targetHints":{"allow":["GET"]}}],"collection":[{"href":"https:\/\/www.campingorangeraie.com\/nl\/wp-json\/wp\/v2\/pages"}],"about":[{"href":"https:\/\/www.campingorangeraie.com\/nl\/wp-json\/wp\/v2\/types\/page"}],"author":[{"embeddable":true,"href":"https:\/\/www.campingorangeraie.com\/nl\/wp-json\/wp\/v2\/users\/1"}],"replies":[{"embeddable":true,"href":"https:\/\/www.campingorangeraie.com\/nl\/wp-json\/wp\/v2\/comments?post=3619"}],"version-history":[{"count":11,"href":"https:\/\/www.campingorangeraie.com\/nl\/wp-json\/wp\/v2\/pages\/3619\/revisions"}],"predecessor-version":[{"id":14585,"href":"https:\/\/www.campingorangeraie.com\/nl\/wp-json\/wp\/v2\/pages\/3619\/revisions\/14585"}],"wp:featuredmedia":[{"embeddable":true,"href":"https:\/\/www.campingorangeraie.com\/nl\/wp-json\/wp\/v2\/media\/14451"}],"wp:attachment":[{"href":"https:\/\/www.campingorangeraie.com\/nl\/wp-json\/wp\/v2\/media?parent=3619"}],"wp:term":[{"taxonomy":"sujet","embeddable":true,"href":"https:\/\/www.campingorangeraie.com\/nl\/wp-json\/wp\/v2\/sujet?post=3619"}],"curies":[{"name":"wp","href":"https:\/\/api.w.org\/{rel}","templated":true}]}}