{"id":3615,"date":"2022-09-28T10:10:02","date_gmt":"2022-09-28T08:10:02","guid":{"rendered":"https:\/\/www.campingorangeraie.com\/mentions-legales\/"},"modified":"2025-02-19T15:06:49","modified_gmt":"2025-02-19T14:06:49","slug":"aantekeningen","status":"publish","type":"page","link":"https:\/\/www.campingorangeraie.com\/nl\/aantekeningen\/","title":{"rendered":"Juridische informatie"},"content":{"rendered":"<section id=\"ls-section-block_afef4a584d6bc69e5169e472bb6100ad\" class=\"ls-section  page-entete animated fadeInUp delay-200ms has-p-t p-t-14\" >\n        <div class=\"container container--wide\">\n        \n\n<h1 class=\"ls__heading wp-block-heading has-text-align-left\">Juridische informatie<\/h1>\n\n\n    <\/div>\n<\/section>\n\n<section id=\"ls-section-block_09123854a4e974d370b92c82591be036\" class=\"ls-section \" >\n        <div class=\"container container--wide\">\n        \n\n<h2 class=\"ls__heading wp-block-heading\">Website redacteur<\/h2>\n\n\n\n<p class=\"ls-paragraph\"><strong>CAMPING ORANGERAIE S.C<br><\/strong>Camino Pe\u00f1iscola-C\u00e0lig ,12589 C\u00e0lig \/ Castellon<br><strong>T\u00e9l<\/strong>\u00a0: (0034)964765059<br><strong>Email<\/strong>\u00a0: info@camping-lorangeraie.es<\/p>\n\n\n\n<p class=\"ls-paragraph\">De directeur van de publicatie is&nbsp;<strong>Jos\u00e9 Dupin<\/strong><\/p>\n\n\n\n<p class=\"ls-paragraph\">CIF :  J12703393<\/p>\n\n\n\n<h2 class=\"ls__heading wp-block-heading\">Realisatie<\/h2>\n\n\n\n<p class=\"ls-paragraph\">GEEK TONIC<br>Vertegenwoordigd door de heer Yohan Darmayan in zijn hoedanigheid van manager<br>Maatschappelijke zetel : 1 ALL PIERRE GEORGES LATECOERE 64200 BIARRITZ<br>Tel : 05 32 74 11 52<br>E-mail : info@geek-tonic.com<br>Website : <a href=\"https:\/\/www.geek-tonic.com\">www.geek-tonic.com<\/a><br>SIRET : 89746755100015<br>APE: 6201Z<\/p>\n\n\n\n<h2 class=\"ls__heading wp-block-heading\">Auteursrecht en auteurschap<\/h2>\n\n\n\n<p class=\"ls-paragraph\">De volledige inhoud van deze site is onderworpen aan het auteursrecht en de intellectuele eigendomsrechten volgens het Franse recht. Elke reproductie (inclusief foto&#8217;s, iconen en downloadbare documenten) is verboden zonder voorafgaande toestemming van GEEK TONIC. De gehele of gedeeltelijke reproductie op een elektronische drager van de site is verboden. GEEK TONIC wijst alle verantwoordelijkheid af voor de inhoud van de website. GEEK TONIC wijst ook elke verantwoordelijkheid af voor externe links die naar deze site verwijzen.<\/p>\n\n\n\n<h2 class=\"ls__heading wp-block-heading\">Persoonsgegevens en nominatieve informatie<\/h2>\n\n\n\n<p class=\"ls-paragraph\">U hebt het recht van toegang, wijziging, rectificatie en verwijdering van de u betreffende gegevens overeenkomstig artikel 34 van de Franse wet op de gegevensbescherming (Loi &#8221; Informatique et Libert\u00e9s &#8221; n\u00b0 78-17 van 6 januari 1978, gewijzigd op 6 augustus 2018). U kunt dit recht op toegang uitoefenen door een schriftelijk verzoek te richten aan de uitgever van de site.<\/p>\n\n\n\n<h2 class=\"ls__heading wp-block-heading\">Wetgeving<\/h2>\n\n\n\n<p class=\"ls-paragraph\">Volgens de wet van 11 maart 1957 (art. 41) en het wetboek van intellectuele eigendom van 1 juli 1992 is het verboden enig deel van de site geheel of gedeeltelijk te reproduceren zonder voorafgaande toestemming van de uitgever van de site. Logo&#8217;s, beelden, foto&#8217;s, video&#8217;s, grafische kaarten en teksten zijn eigendom van hun respectieve eigenaars. Deze site kan, zonder zijn medeweten, verbonden zijn met andere sites door middel van hypermedia links. De uitgever van de site wijst alle verantwoordelijkheid af voor de informatie op deze andere sites. De internetgebruiker erkent dat op het gebruik van deze site het Franse recht van toepassing is.<\/p>\n\n\n    <\/div>\n<\/section>","protected":false},"excerpt":{"rendered":"","protected":false},"author":1,"featured_media":2062,"parent":0,"menu_order":0,"comment_status":"closed","ping_status":"closed","template":"","meta":{"_acf_changed":false,"footnotes":""},"sujet":[],"class_list":["post-3615","page","type-page","status-publish","has-post-thumbnail","hentry"],"acf":[],"yoast_head":"<!-- This site is optimized with the Yoast SEO plugin v23.4 - https:\/\/yoast.com\/wordpress\/plugins\/seo\/ -->\n<title>Juridische informatie - Camping Orangeraie<\/title>\n<meta name=\"robots\" content=\"noindex, nofollow\" \/>\n<meta property=\"og:locale\" content=\"nl_NL\" \/>\n<meta property=\"og:type\" content=\"article\" \/>\n<meta property=\"og:title\" content=\"Juridische informatie - Camping Orangeraie\" \/>\n<meta property=\"og:url\" content=\"https:\/\/www.campingorangeraie.com\/nl\/aantekeningen\/\" \/>\n<meta property=\"og:site_name\" content=\"Camping Orangeraie\" \/>\n<meta property=\"article:modified_time\" content=\"2025-02-19T14:06:49+00:00\" \/>\n<meta property=\"og:image\" content=\"https:\/\/www.campingorangeraie.com\/wp-content\/uploads\/2022\/09\/camping-orangeraie-castellon-calig.jpg\" \/>\n\t<meta property=\"og:image:width\" content=\"1920\" \/>\n\t<meta property=\"og:image:height\" content=\"1080\" \/>\n\t<meta property=\"og:image:type\" content=\"image\/jpeg\" \/>\n<meta name=\"twitter:card\" content=\"summary_large_image\" \/>\n<meta name=\"twitter:label1\" content=\"Geschatte leestijd\" \/>\n\t<meta name=\"twitter:data1\" content=\"2 minuten\" \/>\n<script type=\"application\/ld+json\" class=\"yoast-schema-graph\">{\"@context\":\"https:\/\/schema.org\",\"@graph\":[{\"@type\":\"WebPage\",\"@id\":\"https:\/\/www.campingorangeraie.com\/nl\/aantekeningen\/\",\"url\":\"https:\/\/www.campingorangeraie.com\/nl\/aantekeningen\/\",\"name\":\"Juridische informatie - Camping Orangeraie\",\"isPartOf\":{\"@id\":\"https:\/\/www.campingorangeraie.com\/#website\"},\"primaryImageOfPage\":{\"@id\":\"https:\/\/www.campingorangeraie.com\/nl\/aantekeningen\/#primaryimage\"},\"image\":{\"@id\":\"https:\/\/www.campingorangeraie.com\/nl\/aantekeningen\/#primaryimage\"},\"thumbnailUrl\":\"https:\/\/www.campingorangeraie.com\/wp-content\/uploads\/2022\/09\/camping-orangeraie-castellon-calig.jpg\",\"datePublished\":\"2022-09-28T08:10:02+00:00\",\"dateModified\":\"2025-02-19T14:06:49+00:00\",\"breadcrumb\":{\"@id\":\"https:\/\/www.campingorangeraie.com\/nl\/aantekeningen\/#breadcrumb\"},\"inLanguage\":\"nl-NL\",\"potentialAction\":[{\"@type\":\"ReadAction\",\"target\":[\"https:\/\/www.campingorangeraie.com\/nl\/aantekeningen\/\"]}]},{\"@type\":\"ImageObject\",\"inLanguage\":\"nl-NL\",\"@id\":\"https:\/\/www.campingorangeraie.com\/nl\/aantekeningen\/#primaryimage\",\"url\":\"https:\/\/www.campingorangeraie.com\/wp-content\/uploads\/2022\/09\/camping-orangeraie-castellon-calig.jpg\",\"contentUrl\":\"https:\/\/www.campingorangeraie.com\/wp-content\/uploads\/2022\/09\/camping-orangeraie-castellon-calig.jpg\",\"width\":1920,\"height\":1080,\"caption\":\"camping orangeraie castellon calig\"},{\"@type\":\"BreadcrumbList\",\"@id\":\"https:\/\/www.campingorangeraie.com\/nl\/aantekeningen\/#breadcrumb\",\"itemListElement\":[{\"@type\":\"ListItem\",\"position\":1,\"name\":\"Camping Peniscola\",\"item\":\"https:\/\/www.campingorangeraie.com\/nl\/\"},{\"@type\":\"ListItem\",\"position\":2,\"name\":\"Juridische informatie\"}]},{\"@type\":\"WebSite\",\"@id\":\"https:\/\/www.campingorangeraie.com\/#website\",\"url\":\"https:\/\/www.campingorangeraie.com\/\",\"name\":\"Camping Orangeraie\",\"description\":\"\",\"publisher\":{\"@id\":\"https:\/\/www.campingorangeraie.com\/#organization\"},\"potentialAction\":[{\"@type\":\"SearchAction\",\"target\":{\"@type\":\"EntryPoint\",\"urlTemplate\":\"https:\/\/www.campingorangeraie.com\/?s={search_term_string}\"},\"query-input\":{\"@type\":\"PropertyValueSpecification\",\"valueRequired\":true,\"valueName\":\"search_term_string\"}}],\"inLanguage\":\"nl-NL\"},{\"@type\":\"Organization\",\"@id\":\"https:\/\/www.campingorangeraie.com\/#organization\",\"name\":\"Camping L'Orangeraie\",\"url\":\"https:\/\/www.campingorangeraie.com\/\",\"logo\":{\"@type\":\"ImageObject\",\"inLanguage\":\"nl-NL\",\"@id\":\"https:\/\/www.campingorangeraie.com\/#\/schema\/logo\/image\/\",\"url\":\"https:\/\/www.campingorangeraie.com\/wp-content\/uploads\/2022\/09\/logo_orangeraie-banner.png\",\"contentUrl\":\"https:\/\/www.campingorangeraie.com\/wp-content\/uploads\/2022\/09\/logo_orangeraie-banner.png\",\"width\":500,\"height\":500,\"caption\":\"Camping L'Orangeraie\"},\"image\":{\"@id\":\"https:\/\/www.campingorangeraie.com\/#\/schema\/logo\/image\/\"}}]}<\/script>\n<!-- \/ Yoast SEO plugin. -->","yoast_head_json":{"title":"Juridische informatie - Camping Orangeraie","robots":{"index":"noindex","follow":"nofollow"},"og_locale":"nl_NL","og_type":"article","og_title":"Juridische informatie - Camping Orangeraie","og_url":"https:\/\/www.campingorangeraie.com\/nl\/aantekeningen\/","og_site_name":"Camping Orangeraie","article_modified_time":"2025-02-19T14:06:49+00:00","og_image":[{"width":1920,"height":1080,"url":"https:\/\/www.campingorangeraie.com\/wp-content\/uploads\/2022\/09\/camping-orangeraie-castellon-calig.jpg","type":"image\/jpeg"}],"twitter_card":"summary_large_image","twitter_misc":{"Geschatte leestijd":"2 minuten"},"schema":{"@context":"https:\/\/schema.org","@graph":[{"@type":"WebPage","@id":"https:\/\/www.campingorangeraie.com\/nl\/aantekeningen\/","url":"https:\/\/www.campingorangeraie.com\/nl\/aantekeningen\/","name":"Juridische informatie - Camping Orangeraie","isPartOf":{"@id":"https:\/\/www.campingorangeraie.com\/#website"},"primaryImageOfPage":{"@id":"https:\/\/www.campingorangeraie.com\/nl\/aantekeningen\/#primaryimage"},"image":{"@id":"https:\/\/www.campingorangeraie.com\/nl\/aantekeningen\/#primaryimage"},"thumbnailUrl":"https:\/\/www.campingorangeraie.com\/wp-content\/uploads\/2022\/09\/camping-orangeraie-castellon-calig.jpg","datePublished":"2022-09-28T08:10:02+00:00","dateModified":"2025-02-19T14:06:49+00:00","breadcrumb":{"@id":"https:\/\/www.campingorangeraie.com\/nl\/aantekeningen\/#breadcrumb"},"inLanguage":"nl-NL","potentialAction":[{"@type":"ReadAction","target":["https:\/\/www.campingorangeraie.com\/nl\/aantekeningen\/"]}]},{"@type":"ImageObject","inLanguage":"nl-NL","@id":"https:\/\/www.campingorangeraie.com\/nl\/aantekeningen\/#primaryimage","url":"https:\/\/www.campingorangeraie.com\/wp-content\/uploads\/2022\/09\/camping-orangeraie-castellon-calig.jpg","contentUrl":"https:\/\/www.campingorangeraie.com\/wp-content\/uploads\/2022\/09\/camping-orangeraie-castellon-calig.jpg","width":1920,"height":1080,"caption":"camping orangeraie castellon calig"},{"@type":"BreadcrumbList","@id":"https:\/\/www.campingorangeraie.com\/nl\/aantekeningen\/#breadcrumb","itemListElement":[{"@type":"ListItem","position":1,"name":"Camping Peniscola","item":"https:\/\/www.campingorangeraie.com\/nl\/"},{"@type":"ListItem","position":2,"name":"Juridische informatie"}]},{"@type":"WebSite","@id":"https:\/\/www.campingorangeraie.com\/#website","url":"https:\/\/www.campingorangeraie.com\/","name":"Camping Orangeraie","description":"","publisher":{"@id":"https:\/\/www.campingorangeraie.com\/#organization"},"potentialAction":[{"@type":"SearchAction","target":{"@type":"EntryPoint","urlTemplate":"https:\/\/www.campingorangeraie.com\/?s={search_term_string}"},"query-input":{"@type":"PropertyValueSpecification","valueRequired":true,"valueName":"search_term_string"}}],"inLanguage":"nl-NL"},{"@type":"Organization","@id":"https:\/\/www.campingorangeraie.com\/#organization","name":"Camping L'Orangeraie","url":"https:\/\/www.campingorangeraie.com\/","logo":{"@type":"ImageObject","inLanguage":"nl-NL","@id":"https:\/\/www.campingorangeraie.com\/#\/schema\/logo\/image\/","url":"https:\/\/www.campingorangeraie.com\/wp-content\/uploads\/2022\/09\/logo_orangeraie-banner.png","contentUrl":"https:\/\/www.campingorangeraie.com\/wp-content\/uploads\/2022\/09\/logo_orangeraie-banner.png","width":500,"height":500,"caption":"Camping L'Orangeraie"},"image":{"@id":"https:\/\/www.campingorangeraie.com\/#\/schema\/logo\/image\/"}}]}},"_links":{"self":[{"href":"https:\/\/www.campingorangeraie.com\/nl\/wp-json\/wp\/v2\/pages\/3615","targetHints":{"allow":["GET"]}}],"collection":[{"href":"https:\/\/www.campingorangeraie.com\/nl\/wp-json\/wp\/v2\/pages"}],"about":[{"href":"https:\/\/www.campingorangeraie.com\/nl\/wp-json\/wp\/v2\/types\/page"}],"author":[{"embeddable":true,"href":"https:\/\/www.campingorangeraie.com\/nl\/wp-json\/wp\/v2\/users\/1"}],"replies":[{"embeddable":true,"href":"https:\/\/www.campingorangeraie.com\/nl\/wp-json\/wp\/v2\/comments?post=3615"}],"version-history":[{"count":3,"href":"https:\/\/www.campingorangeraie.com\/nl\/wp-json\/wp\/v2\/pages\/3615\/revisions"}],"predecessor-version":[{"id":11594,"href":"https:\/\/www.campingorangeraie.com\/nl\/wp-json\/wp\/v2\/pages\/3615\/revisions\/11594"}],"wp:featuredmedia":[{"embeddable":true,"href":"https:\/\/www.campingorangeraie.com\/nl\/wp-json\/wp\/v2\/media\/2062"}],"wp:attachment":[{"href":"https:\/\/www.campingorangeraie.com\/nl\/wp-json\/wp\/v2\/media?parent=3615"}],"wp:term":[{"taxonomy":"sujet","embeddable":true,"href":"https:\/\/www.campingorangeraie.com\/nl\/wp-json\/wp\/v2\/sujet?post=3615"}],"curies":[{"name":"wp","href":"https:\/\/api.w.org\/{rel}","templated":true}]}}