{"id":522,"date":"2022-09-05T16:59:04","date_gmt":"2022-09-05T14:59:04","guid":{"rendered":"https:\/\/www.campingorangeraie.com\/?page_id=522"},"modified":"2026-03-02T14:46:30","modified_gmt":"2026-03-02T13:46:30","slug":"location-emplacement-calig","status":"publish","type":"page","link":"https:\/\/www.campingorangeraie.com\/fr\/location-emplacement-calig\/","title":{"rendered":"Nos emplacements caravaning"},"content":{"rendered":"<section id=\"ls-section-block_ab1ade880c3595ee5f964e693f26e7b2\" class=\"ls-section  page-entete animated fadeInUp delay-200ms has-p-t p-t-14\" >\n        <div class=\"container container--wide\">\n        \n\n<h1 class=\"ls__heading wp-block-heading has-text-align-left\">Votre emplacement en location \u00e0 <strong>C\u00c0lig<\/strong><\/h1>\n\n\n    <\/div>\n<\/section>\n\n<section id=\"ls-section-block_ae4a76d562926e2578db3ca97bf2fbb3\" class=\"ls-section  page-one\" >\n        <div class=\"container container--wide\">\n        \n\n<div class=\"wp-block-columns is-layout-flex wp-container-core-columns-is-layout-9d6595d7 wp-block-columns-is-layout-flex\">\n<div class=\"wp-block-column is-layout-flow wp-block-column-is-layout-flow\" style=\"flex-basis:10%\"><\/div>\n\n\n\n<div class=\"wp-block-column is-layout-flow wp-block-column-is-layout-flow\" style=\"flex-basis:80%\">\n<ctv-availability data-product-type=\"pitch\" data-background-color=\"#FFFFFFFF\" ><\/ctv-availability>\n<\/div>\n\n\n\n<div class=\"wp-block-column is-layout-flow wp-block-column-is-layout-flow\" style=\"flex-basis:10%\"><\/div>\n<\/div>\n\n\n\n<p class=\"ls-paragraph has-text-align-center\">Un <strong>havre de paix<\/strong> pour vos vacances en Espagne en camping pr\u00e8s de Pe\u00f1\u00edscola<\/p>\n\n\n\n<p class=\"ls-paragraph has-text-align-center\">Au c\u0153ur de la Costa del Azahar entre Valence et Barcelone, le camping L\u2019Orangeraie vous accueille sur un <strong>terrain verdoyant<\/strong>, surplombant en espalier la M\u00e9diterran\u00e9e, v\u00e9ritable oasis \u00e0 quelques kilom\u00e8tres de la mer. Les emplacements de camping en Espagne pour tentes, caravanes et camping-cars sont <strong>spacieux et individuels<\/strong> : offrant entre 90 et 170 m2 de pelouse, ils sont d\u00e9limit\u00e9s par des haies pour vous offrir<strong> intimit\u00e9 et tranquillit\u00e9<\/strong> au <a href=\"\/fr\/camping-pas-cher-calig\/\">meilleur prix \u00e0 C\u00e1lig<\/a>.<\/p>\n\n\n    <\/div>\n<\/section>\n\n<section id=\"ls-section-block_e824d697ebac7bf185f518df4c3ddade\" class=\"ls-section  page-one has-p-b p-b-14\" >\n        <div class=\"container container--wide\">\n        \n\n<div class=\"wp-block-columns is-layout-flex wp-container-core-columns-is-layout-9d6595d7 wp-block-columns-is-layout-flex\">\n<div class=\"wp-block-column is-layout-flow wp-block-column-is-layout-flow\">\n<h2 class=\"ls__heading wp-block-heading\">Nos sanitaires de qualit\u00e9<\/h2>\n\n\n\n<p class=\"ls-paragraph\">Passez vos <strong>vacances en plein air<\/strong> en camping proche Valence en Espagne \u00e0 l\u2019Orangeraie 3***<\/p>\n\n\n\n<p class=\"ls-paragraph\">Situ\u00e9 dans le village traditionnel de C\u00e0lig \u00e0 proximit\u00e9 de la belle Pe\u00f1iscola, le camping 3 \u00e9toiles L\u2019Orangeraie est une <strong>destination id\u00e9ale<\/strong> pour profiter du soleil espagnol et du<strong> repos<\/strong> pr\u00e8s des  piscines. De par leur surface importante et l\u2019intimit\u00e9 qu\u2019ils offrent, nos emplacements de camping sont parfaits pour passer des vacances en famille sur la Costa del Azahar.<\/p>\n\n\n\n<p class=\"ls-paragraph\">Ils accueillent confortablement une grande tente familiale, une caravane ou un camping-car avec auvent, ainsi qu\u2019un v\u00e9hicule. <\/p>\n\n\n\n<p class=\"ls-paragraph\">Les enfants ont l\u2019espace n\u00e9cessaire pour s\u2019amuser et b\u00e9n\u00e9ficient du confort d\u2019une pelouse pour leurs jeux en ext\u00e9rieur.<\/p>\n\n\n\n<h2 class=\"ls__heading wp-block-heading has-text-align-left\">L&rsquo;aire de vidange<\/h2>\n\n\n\n<p class=\"ls-paragraph has-text-align-left\">&nbsp;Un point de vidange pour eaux grises et un point de vidange pour eaux grises  sont  disponibles pour les vacanciers venus en camping-car. <\/p>\n<\/div>\n\n\n\n<div class=\"wp-block-column is-layout-flow wp-block-column-is-layout-flow\">\n<h2 class=\"ls__heading wp-block-heading\">Des emplacements confort et spacieux<\/h2>\n\n\n\n<p class=\"ls-paragraph\">Les <strong>emplacements \u00ab confort \u00bb <\/strong>sont encore plus spacieux que les emplacements standards, et peuvent atteindre 120 m2. De nombreux oliviers, caroubiers et palmiers ombragent agr\u00e9ablement le site, et de larges all\u00e9es \u00e9vitent les vis-\u00e0-vis. Parce que faire du camping&nbsp;en Espagne n\u2019implique pas d\u2019\u00eatre coup\u00e9 du monde, les emplacements nus sont <strong>\u00e9quip\u00e9s de branchements \u00e9lectriques<\/strong> : 6A suffisent pour recharger vos t\u00e9l\u00e9phones portables, vous \u00e9clairer et alimenter un r\u00e9frig\u00e9rateur. Pr\u00e9f\u00e9rez 10A pour les plaques de cuisson, les barbecues \u00e9lectriques ou les bouilloires.<\/p>\n\n\n\n<h2 class=\"ls__heading wp-block-heading\">D\u00e9couvrez nos options en suppl\u00e9ment<\/h2>\n\n\n\n<p class=\"ls-paragraph\">Vous pouvez b\u00e9n\u00e9ficier de branchements \u00e9lectriques 6A ou 10A pour encore davantage de confort. Sur votre parcelle, vous pourrez profiter des plaisirs des grillades sur barbecue \u00e9lectrique ou \u00e0 gaz. Si vous souhaitez s\u00e9journer r\u00e9guli\u00e8rement en caravane au <a href=\"\/fr\/\">camping l\u2019Orangeraie<\/a>, un service de <strong>gardiennage hivernal<\/strong> est disponible \u00e0 proximit\u00e9 du site. Une solution id\u00e9ale pour retrouver chaque ann\u00e9e les plaisirs du camping en Espagne !<br>Pour b\u00e9n\u00e9ficier d\u2019encore plus de confort, optez pour nos chalets ou nos <a href=\"\/fr\/location-mobil-home-calig\/\">mobil-homes \u00e0 louer \u00e0 C\u00e1lig<\/a> et vivez un s\u00e9jour inoubliable.<\/p>\n<\/div>\n<\/div>\n\n\n    <\/div>\n<\/section>\n\n<section id=\"ls-section-block_97353ea6a398ce5cdb80eb508cdfed8d\" class=\"ls-section  page-avis petal-right has-background has-color-3-background-color has-p-t p-t-14 has-p-b p-b-14\" >\n        <div class=\"container \">\n        \n\n<div id=\"ls-heading ls-titre-div-block_24abdafc7e45d585bc8ac6d79ceb2dd0\" class=\"ls-titre-div aligncenter h2-like\" >\n    Et nos clients, que pensent-ils des emplacements ?<\/div>\n\n\n<div class=\"avis-container-pages\"><div class=\"avis\"><div class=\"avis-user\"><div class=\"avis-note\">\n                <span><i class=\"orangeraie_one-etoile\"><\/i><\/span><span><i class=\"orangeraie_one-etoile\"><\/i><\/span><span><i class=\"orangeraie_one-etoile\"><\/i><\/span><span><i class=\"orangeraie_one-etoile\"><\/i><\/span><span><i class=\"orangeraie_one-etoile\"><\/i><\/span>\n                <\/div><div class=\"avis-name\">Nathalie L.<\/div><div class=\"avis-content\"><p>Camping tr\u00e8s bien., tr\u00e8s accueillant.<br \/>\nSanitaires tr\u00e8s propres (jamais vu cela en France).<strong> Les emplacements sont tr\u00e8s agr\u00e9ables et suffisamment grands.<\/strong><br \/>\nL&rsquo;accueil est remarquable avec les propri\u00e9taires pr\u00eats \u00e0 renseigner.<br \/>\nNous y retournons cette ann\u00e9e pour la 3\u00e8me ann\u00e9e.<br \/>\nQue du bonheur !!!<\/p>\n<\/div><\/div><\/div><div class=\"avis\"><div class=\"avis-user\"><div class=\"avis-note\">\n                <span><i class=\"orangeraie_one-etoile\"><\/i><\/span><span><i class=\"orangeraie_one-etoile\"><\/i><\/span><span><i class=\"orangeraie_one-etoile\"><\/i><\/span><span><i class=\"orangeraie_one-etoile\"><\/i><\/span><span><i class=\"orangeraie_one-etoile\"><\/i><\/span>\n                <\/div><div class=\"avis-name\">Sophie D.<\/div><div class=\"avis-content\"><p><strong>Petit paradis pour campeurs aimant le calme<\/strong>. De taille raisonnable, des emplacements spacieux ombrag\u00e9s gr\u00e2ce aux nombreux arbres dont de magnifiques oliviers tr\u00e8s \u00e2g\u00e9s.<br \/>\nSanitaires tr\u00e8s propres. Piscine tr\u00e8s agr\u00e9able.<br \/>\nTotalement adapt\u00e9 aux familles avec des enfants qui se retrouvent totalement dans ce camping et en s\u00e9curit\u00e9.<br \/>\nDes propri\u00e9taires souriants, agr\u00e9ables.<br \/>\nCela fait trois ans que nous y allons et les enfants veulent y retourner.<\/p>\n<\/div><\/div><\/div><\/div>\n\n\n    <\/div>\n<\/section>\n\n<section id=\"ls-section-block_9cf25322d4fc7cf7fa1468f488f696d4\" class=\"ls-section  page-maillage has-p-t p-t-14 has-p-b p-b-14\" >\n        <div class=\"container container--wide\">\n        \n\n<div id=\"ls-heading ls-titre-div-block_081c2bde870bfadb15a45034b7d5e1cb\" class=\"ls-titre-div aligncenter h2-like\" >\n    D\u00e9couvrez les mobil-homes , les tarifs et les animations de notre camping<\/div>\n\n\n<div id=\"ls-maillage-block_12c211557e63af8396347a4fc00b9e4a\" class=\"ls-maillage cta-style-normal\" data-rows=\"3\">\r\n    <div class=\"wp-block-columns\"><div class=\"wp-block-column\">\n\n<a href=\"https:\/\/www.campingorangeraie.com\/fr\/location-mobil-home-calig\/\" target=\"\" rel=\"noopener\" class=\"ls-cta__link\" data-categ=\"\">\n\t<div class=\"ls-cta__image\"><img decoding=\"async\" src=\"https:\/\/www.campingorangeraie.com\/wp-content\/uploads\/2022\/09\/Camping-de-lorangeraie-2021-84-1-scaled.jpeg\" alt=\"location mobil home orangeraie\"><\/div>\n\t<div class=\"ls-cta__title\">\n\t\tNos mobil-homes\t<\/div>\n\n\t<\/a><\/div><div class=\"wp-block-column\">\n\n<a href=\"https:\/\/www.campingorangeraie.com\/fr\/camping-pas-cher-calig\/\" target=\"\" rel=\"noopener\" class=\"ls-cta__link\" data-categ=\"\">\n\t<div class=\"ls-cta__image\"><img decoding=\"async\" src=\"https:\/\/www.campingorangeraie.com\/wp-content\/uploads\/2022\/09\/Sans-titre-2-1.jpg\" alt=\"camping orangeraie calig\"><\/div>\n\t<div class=\"ls-cta__title\">\n\t\tNos meilleurs tarifs\t<\/div>\n\n\t<\/a><\/div><div class=\"wp-block-column\">\n\n<a href=\"https:\/\/www.campingorangeraie.com\/fr\/camping-animation-calig\/\" target=\"\" rel=\"noopener\" class=\"ls-cta__link\" data-categ=\"\">\n\t<div class=\"ls-cta__image\"><img decoding=\"async\" src=\"https:\/\/www.campingorangeraie.com\/wp-content\/uploads\/2022\/09\/Sans-titre-2.jpg\" alt=\"animation camping paradis l'orangeraie\"><\/div>\n\t<div class=\"ls-cta__title\">\n\t\tNos animations familiales\t<\/div>\n\n\t<\/a><\/div><\/div><\/div>\n\n    <\/div>\n<\/section>","protected":false},"excerpt":{"rendered":"","protected":false},"author":1,"featured_media":1764,"parent":0,"menu_order":0,"comment_status":"closed","ping_status":"closed","template":"","meta":{"_acf_changed":false,"footnotes":""},"sujet":[],"class_list":["post-522","page","type-page","status-publish","has-post-thumbnail","hentry"],"acf":[],"yoast_head":"<!-- This site is optimized with the Yoast SEO plugin v23.4 - https:\/\/yoast.com\/wordpress\/plugins\/seo\/ -->\n<title>Location emplacement Calig | Emplacement caravaning Castellon<\/title>\n<meta name=\"description\" content=\"D\u00e9couvrez nos emplacements de camping pour tente, caravane ou camping-car \u00e0 seulement quelques km de la mer pr\u00e8s de Valence. Camping pas cher en Espagne\" \/>\n<meta name=\"robots\" content=\"index, follow, max-snippet:-1, max-image-preview:large, max-video-preview:-1\" \/>\n<link rel=\"canonical\" href=\"https:\/\/www.campingorangeraie.com\/fr\/location-emplacement-calig\/\" \/>\n<meta property=\"og:locale\" content=\"fr_FR\" \/>\n<meta property=\"og:type\" content=\"article\" \/>\n<meta property=\"og:title\" content=\"Location emplacement Calig | Emplacement caravaning Castellon\" \/>\n<meta property=\"og:description\" content=\"D\u00e9couvrez nos emplacements de camping pour tente, caravane ou camping-car \u00e0 seulement quelques km de la mer pr\u00e8s de Valence. Camping pas cher en Espagne\" \/>\n<meta property=\"og:url\" content=\"https:\/\/www.campingorangeraie.com\/fr\/location-emplacement-calig\/\" \/>\n<meta property=\"og:site_name\" content=\"Camping Orangeraie\" \/>\n<meta property=\"article:modified_time\" content=\"2026-03-02T13:46:30+00:00\" \/>\n<meta property=\"og:image\" content=\"https:\/\/www.campingorangeraie.com\/wp-content\/uploads\/2022\/09\/emplacement-caravaning.jpg\" \/>\n\t<meta property=\"og:image:width\" content=\"1920\" \/>\n\t<meta property=\"og:image:height\" content=\"1080\" \/>\n\t<meta property=\"og:image:type\" content=\"image\/jpeg\" \/>\n<meta name=\"twitter:card\" content=\"summary_large_image\" \/>\n<meta name=\"twitter:label1\" content=\"Dur\u00e9e de lecture estim\u00e9e\" \/>\n\t<meta name=\"twitter:data1\" content=\"3 minutes\" \/>\n<script type=\"application\/ld+json\" class=\"yoast-schema-graph\">{\"@context\":\"https:\/\/schema.org\",\"@graph\":[{\"@type\":\"WebPage\",\"@id\":\"https:\/\/www.campingorangeraie.com\/fr\/location-emplacement-calig\/\",\"url\":\"https:\/\/www.campingorangeraie.com\/fr\/location-emplacement-calig\/\",\"name\":\"Location emplacement Calig | Emplacement caravaning Castellon\",\"isPartOf\":{\"@id\":\"https:\/\/www.campingorangeraie.com\/#website\"},\"primaryImageOfPage\":{\"@id\":\"https:\/\/www.campingorangeraie.com\/fr\/location-emplacement-calig\/#primaryimage\"},\"image\":{\"@id\":\"https:\/\/www.campingorangeraie.com\/fr\/location-emplacement-calig\/#primaryimage\"},\"thumbnailUrl\":\"https:\/\/www.campingorangeraie.com\/wp-content\/uploads\/2022\/09\/emplacement-caravaning.jpg\",\"datePublished\":\"2022-09-05T14:59:04+00:00\",\"dateModified\":\"2026-03-02T13:46:30+00:00\",\"description\":\"D\u00e9couvrez nos emplacements de camping pour tente, caravane ou camping-car \u00e0 seulement quelques km de la mer pr\u00e8s de Valence. Camping pas cher en Espagne\",\"breadcrumb\":{\"@id\":\"https:\/\/www.campingorangeraie.com\/fr\/location-emplacement-calig\/#breadcrumb\"},\"inLanguage\":\"fr-FR\",\"potentialAction\":[{\"@type\":\"ReadAction\",\"target\":[\"https:\/\/www.campingorangeraie.com\/fr\/location-emplacement-calig\/\"]}]},{\"@type\":\"ImageObject\",\"inLanguage\":\"fr-FR\",\"@id\":\"https:\/\/www.campingorangeraie.com\/fr\/location-emplacement-calig\/#primaryimage\",\"url\":\"https:\/\/www.campingorangeraie.com\/wp-content\/uploads\/2022\/09\/emplacement-caravaning.jpg\",\"contentUrl\":\"https:\/\/www.campingorangeraie.com\/wp-content\/uploads\/2022\/09\/emplacement-caravaning.jpg\",\"width\":1920,\"height\":1080,\"caption\":\"emplacement camping paradis\"},{\"@type\":\"BreadcrumbList\",\"@id\":\"https:\/\/www.campingorangeraie.com\/fr\/location-emplacement-calig\/#breadcrumb\",\"itemListElement\":[{\"@type\":\"ListItem\",\"position\":1,\"name\":\"Camping Peniscola\",\"item\":\"https:\/\/www.campingorangeraie.com\/fr\/\"},{\"@type\":\"ListItem\",\"position\":2,\"name\":\"Emplacement caravaning \u00e0 Castellon\"}]},{\"@type\":\"WebSite\",\"@id\":\"https:\/\/www.campingorangeraie.com\/#website\",\"url\":\"https:\/\/www.campingorangeraie.com\/\",\"name\":\"Camping Orangeraie\",\"description\":\"\",\"publisher\":{\"@id\":\"https:\/\/www.campingorangeraie.com\/#organization\"},\"potentialAction\":[{\"@type\":\"SearchAction\",\"target\":{\"@type\":\"EntryPoint\",\"urlTemplate\":\"https:\/\/www.campingorangeraie.com\/?s={search_term_string}\"},\"query-input\":{\"@type\":\"PropertyValueSpecification\",\"valueRequired\":true,\"valueName\":\"search_term_string\"}}],\"inLanguage\":\"fr-FR\"},{\"@type\":\"Organization\",\"@id\":\"https:\/\/www.campingorangeraie.com\/#organization\",\"name\":\"Camping L'Orangeraie\",\"url\":\"https:\/\/www.campingorangeraie.com\/\",\"logo\":{\"@type\":\"ImageObject\",\"inLanguage\":\"fr-FR\",\"@id\":\"https:\/\/www.campingorangeraie.com\/#\/schema\/logo\/image\/\",\"url\":\"https:\/\/www.campingorangeraie.com\/wp-content\/uploads\/2022\/09\/logo_orangeraie-banner.png\",\"contentUrl\":\"https:\/\/www.campingorangeraie.com\/wp-content\/uploads\/2022\/09\/logo_orangeraie-banner.png\",\"width\":500,\"height\":500,\"caption\":\"Camping L'Orangeraie\"},\"image\":{\"@id\":\"https:\/\/www.campingorangeraie.com\/#\/schema\/logo\/image\/\"}}]}<\/script>\n<!-- \/ Yoast SEO plugin. -->","yoast_head_json":{"title":"Location emplacement Calig | Emplacement caravaning Castellon","description":"D\u00e9couvrez nos emplacements de camping pour tente, caravane ou camping-car \u00e0 seulement quelques km de la mer pr\u00e8s de Valence. Camping pas cher en Espagne","robots":{"index":"index","follow":"follow","max-snippet":"max-snippet:-1","max-image-preview":"max-image-preview:large","max-video-preview":"max-video-preview:-1"},"canonical":"https:\/\/www.campingorangeraie.com\/fr\/location-emplacement-calig\/","og_locale":"fr_FR","og_type":"article","og_title":"Location emplacement Calig | Emplacement caravaning Castellon","og_description":"D\u00e9couvrez nos emplacements de camping pour tente, caravane ou camping-car \u00e0 seulement quelques km de la mer pr\u00e8s de Valence. Camping pas cher en Espagne","og_url":"https:\/\/www.campingorangeraie.com\/fr\/location-emplacement-calig\/","og_site_name":"Camping Orangeraie","article_modified_time":"2026-03-02T13:46:30+00:00","og_image":[{"width":1920,"height":1080,"url":"https:\/\/www.campingorangeraie.com\/wp-content\/uploads\/2022\/09\/emplacement-caravaning.jpg","type":"image\/jpeg"}],"twitter_card":"summary_large_image","twitter_misc":{"Dur\u00e9e de lecture estim\u00e9e":"3 minutes"},"schema":{"@context":"https:\/\/schema.org","@graph":[{"@type":"WebPage","@id":"https:\/\/www.campingorangeraie.com\/fr\/location-emplacement-calig\/","url":"https:\/\/www.campingorangeraie.com\/fr\/location-emplacement-calig\/","name":"Location emplacement Calig | Emplacement caravaning Castellon","isPartOf":{"@id":"https:\/\/www.campingorangeraie.com\/#website"},"primaryImageOfPage":{"@id":"https:\/\/www.campingorangeraie.com\/fr\/location-emplacement-calig\/#primaryimage"},"image":{"@id":"https:\/\/www.campingorangeraie.com\/fr\/location-emplacement-calig\/#primaryimage"},"thumbnailUrl":"https:\/\/www.campingorangeraie.com\/wp-content\/uploads\/2022\/09\/emplacement-caravaning.jpg","datePublished":"2022-09-05T14:59:04+00:00","dateModified":"2026-03-02T13:46:30+00:00","description":"D\u00e9couvrez nos emplacements de camping pour tente, caravane ou camping-car \u00e0 seulement quelques km de la mer pr\u00e8s de Valence. Camping pas cher en Espagne","breadcrumb":{"@id":"https:\/\/www.campingorangeraie.com\/fr\/location-emplacement-calig\/#breadcrumb"},"inLanguage":"fr-FR","potentialAction":[{"@type":"ReadAction","target":["https:\/\/www.campingorangeraie.com\/fr\/location-emplacement-calig\/"]}]},{"@type":"ImageObject","inLanguage":"fr-FR","@id":"https:\/\/www.campingorangeraie.com\/fr\/location-emplacement-calig\/#primaryimage","url":"https:\/\/www.campingorangeraie.com\/wp-content\/uploads\/2022\/09\/emplacement-caravaning.jpg","contentUrl":"https:\/\/www.campingorangeraie.com\/wp-content\/uploads\/2022\/09\/emplacement-caravaning.jpg","width":1920,"height":1080,"caption":"emplacement camping paradis"},{"@type":"BreadcrumbList","@id":"https:\/\/www.campingorangeraie.com\/fr\/location-emplacement-calig\/#breadcrumb","itemListElement":[{"@type":"ListItem","position":1,"name":"Camping Peniscola","item":"https:\/\/www.campingorangeraie.com\/fr\/"},{"@type":"ListItem","position":2,"name":"Emplacement caravaning \u00e0 Castellon"}]},{"@type":"WebSite","@id":"https:\/\/www.campingorangeraie.com\/#website","url":"https:\/\/www.campingorangeraie.com\/","name":"Camping Orangeraie","description":"","publisher":{"@id":"https:\/\/www.campingorangeraie.com\/#organization"},"potentialAction":[{"@type":"SearchAction","target":{"@type":"EntryPoint","urlTemplate":"https:\/\/www.campingorangeraie.com\/?s={search_term_string}"},"query-input":{"@type":"PropertyValueSpecification","valueRequired":true,"valueName":"search_term_string"}}],"inLanguage":"fr-FR"},{"@type":"Organization","@id":"https:\/\/www.campingorangeraie.com\/#organization","name":"Camping L'Orangeraie","url":"https:\/\/www.campingorangeraie.com\/","logo":{"@type":"ImageObject","inLanguage":"fr-FR","@id":"https:\/\/www.campingorangeraie.com\/#\/schema\/logo\/image\/","url":"https:\/\/www.campingorangeraie.com\/wp-content\/uploads\/2022\/09\/logo_orangeraie-banner.png","contentUrl":"https:\/\/www.campingorangeraie.com\/wp-content\/uploads\/2022\/09\/logo_orangeraie-banner.png","width":500,"height":500,"caption":"Camping L'Orangeraie"},"image":{"@id":"https:\/\/www.campingorangeraie.com\/#\/schema\/logo\/image\/"}}]}},"_links":{"self":[{"href":"https:\/\/www.campingorangeraie.com\/fr\/wp-json\/wp\/v2\/pages\/522","targetHints":{"allow":["GET"]}}],"collection":[{"href":"https:\/\/www.campingorangeraie.com\/fr\/wp-json\/wp\/v2\/pages"}],"about":[{"href":"https:\/\/www.campingorangeraie.com\/fr\/wp-json\/wp\/v2\/types\/page"}],"author":[{"embeddable":true,"href":"https:\/\/www.campingorangeraie.com\/fr\/wp-json\/wp\/v2\/users\/1"}],"replies":[{"embeddable":true,"href":"https:\/\/www.campingorangeraie.com\/fr\/wp-json\/wp\/v2\/comments?post=522"}],"version-history":[{"count":76,"href":"https:\/\/www.campingorangeraie.com\/fr\/wp-json\/wp\/v2\/pages\/522\/revisions"}],"predecessor-version":[{"id":14668,"href":"https:\/\/www.campingorangeraie.com\/fr\/wp-json\/wp\/v2\/pages\/522\/revisions\/14668"}],"wp:featuredmedia":[{"embeddable":true,"href":"https:\/\/www.campingorangeraie.com\/fr\/wp-json\/wp\/v2\/media\/1764"}],"wp:attachment":[{"href":"https:\/\/www.campingorangeraie.com\/fr\/wp-json\/wp\/v2\/media?parent=522"}],"wp:term":[{"taxonomy":"sujet","embeddable":true,"href":"https:\/\/www.campingorangeraie.com\/fr\/wp-json\/wp\/v2\/sujet?post=522"}],"curies":[{"name":"wp","href":"https:\/\/api.w.org\/{rel}","templated":true}]}}