{"id":516,"date":"2022-09-05T16:53:12","date_gmt":"2022-09-05T14:53:12","guid":{"rendered":"https:\/\/www.campingorangeraie.com\/?page_id=516"},"modified":"2026-01-22T10:38:06","modified_gmt":"2026-01-22T09:38:06","slug":"camping-animation-calig","status":"publish","type":"page","link":"https:\/\/www.campingorangeraie.com\/fr\/camping-animation-calig\/","title":{"rendered":"Nos animations familiales"},"content":{"rendered":"<section id=\"ls-section-block_7ae137d259e39d397b517fde4512eb48\" class=\"ls-section  page-entete animated fadeInUp delay-200ms has-p-t p-t-14\" >\n        <div class=\"container container--wide\">\n        \n\n<h1 class=\"ls__heading wp-block-heading has-text-align-left\">Le top des animations famiLiales au camping \u00e0 Calig<\/h1>\n\n\n    <\/div>\n<\/section>\n\n<section id=\"ls-section-block_c003568220911ad0338010c2b306f2d5\" class=\"ls-section  page-one has-p-b p-b-14\" >\n        <div class=\"container container--wide\">\n        \n\n<div class=\"wp-block-columns is-layout-flex wp-container-core-columns-is-layout-9d6595d7 wp-block-columns-is-layout-flex\">\n<div class=\"wp-block-column is-layout-flow wp-block-column-is-layout-flow\" style=\"flex-basis:66.66%\">\n<figure class=\"wp-block-gallery has-nested-images columns-default is-cropped wp-block-gallery-1 is-layout-flex wp-block-gallery-is-layout-flex\">\n<figure class=\"wp-block-image size-full animated fadeInRight delay-500ms\"><a href=\"https:\/\/www.campingorangeraie.com\/wp-content\/uploads\/2022\/09\/espace-aquatique-jeux.jpg\"><img loading=\"lazy\" decoding=\"async\" width=\"800\" height=\"600\" data-id=\"1154\" src=\"https:\/\/www.campingorangeraie.com\/wp-content\/uploads\/2022\/09\/espace-aquatique-jeux.jpg\" alt=\"camping avec piscine \" class=\"wp-image-1154\" srcset=\"https:\/\/www.campingorangeraie.com\/wp-content\/uploads\/2022\/09\/espace-aquatique-jeux.jpg 800w, https:\/\/www.campingorangeraie.com\/wp-content\/uploads\/2022\/09\/espace-aquatique-jeux-300x225.jpg 300w, https:\/\/www.campingorangeraie.com\/wp-content\/uploads\/2022\/09\/espace-aquatique-jeux-768x576.jpg 768w\" sizes=\"auto, (max-width: 800px) 100vw, 800px\" \/><\/a><\/figure>\n\n\n\n<figure class=\"wp-block-image size-full animated fadeInLeft delay-500ms\"><a href=\"https:\/\/www.campingorangeraie.com\/wp-content\/uploads\/2025\/12\/Glamping-Orangeraie-2024-37-scaled.jpg\"><img loading=\"lazy\" decoding=\"async\" width=\"2560\" height=\"1707\" data-id=\"14458\" src=\"https:\/\/www.campingorangeraie.com\/wp-content\/uploads\/2025\/12\/Glamping-Orangeraie-2024-37-scaled.jpg\" alt=\"\" class=\"wp-image-14458\" srcset=\"https:\/\/www.campingorangeraie.com\/wp-content\/uploads\/2025\/12\/Glamping-Orangeraie-2024-37-scaled.jpg 2560w, https:\/\/www.campingorangeraie.com\/wp-content\/uploads\/2025\/12\/Glamping-Orangeraie-2024-37-300x200.jpg 300w, https:\/\/www.campingorangeraie.com\/wp-content\/uploads\/2025\/12\/Glamping-Orangeraie-2024-37-1024x683.jpg 1024w, https:\/\/www.campingorangeraie.com\/wp-content\/uploads\/2025\/12\/Glamping-Orangeraie-2024-37-768x512.jpg 768w, https:\/\/www.campingorangeraie.com\/wp-content\/uploads\/2025\/12\/Glamping-Orangeraie-2024-37-1536x1024.jpg 1536w, https:\/\/www.campingorangeraie.com\/wp-content\/uploads\/2025\/12\/Glamping-Orangeraie-2024-37-2048x1365.jpg 2048w\" sizes=\"auto, (max-width: 2560px) 100vw, 2560px\" \/><\/a><\/figure>\n<\/figure>\n<\/div>\n\n\n\n<div class=\"wp-block-column is-vertically-aligned-center is-layout-flow wp-block-column-is-layout-flow\" style=\"flex-basis:33.33%\">\n<h2 class=\"ls__heading wp-block-heading\">Vacances au camping \u00e0 Castellon<\/h2>\n\n\n\n<p class=\"ls-paragraph\">Du c\u00f4t\u00e9 des am\u00e9nagements ext\u00e9rieurs, vous retrouverez dans votre camping Pe\u00f1\u00edscola 3 \u00e9toiles, en Espagne, avec ,un espace aquatique, piscines, table de ping-pong, terrain multisport et une aire de jeu pour enfants. De <strong>nombreuses animations<\/strong> pour petits et grands vous sont propos\u00e9es du 20 Juin au 8 Septembre pour vos vacances en camping\u00a0en Espagne :\u00a0avec des <strong>activit\u00e9s vari\u00e9es autour de la piscine<\/strong> en journ\u00e9e.<\/p>\n\n\n\n<p class=\"ls-paragraph\"><\/p>\n<\/div>\n<\/div>\n\n\n    <\/div>\n<\/section>\n\n<section id=\"ls-section-block_1c7e80aa36061d3b2877ca49d3f57a07\" class=\"ls-section  page-two petal-left has-background has-color-3-background-color has-p-t p-t-14 has-p-b p-b-14\" >\n        <div class=\"container container--wide\">\n        \n\n<div class=\"wp-block-columns is-layout-flex wp-container-core-columns-is-layout-9d6595d7 wp-block-columns-is-layout-flex\">\n<div class=\"wp-block-column is-vertically-aligned-center is-layout-flow wp-block-column-is-layout-flow\" style=\"flex-basis:33.33%\">\n<h2 class=\"ls__heading wp-block-heading\">Notre aire de jeux pour enfants<\/h2>\n\n\n\n<p class=\"ls-paragraph\">Notre <strong>aire pour enfants<\/strong> avec balan\u00e7oires, toboggan, petits chevaux est d\u00e9di\u00e9e aux enfants de moins de 10 ans. Elle est prot\u00e9g\u00e9e par une enceinte afin de s\u00e9curiser le p\u00e9rim\u00e8tre. Elle est ferm\u00e9e en nocturne. Nous conseillons toutefois vivement aux parents de surveiller les plus petits. Le sol est couvert de graviers ronds afin d\u2019\u00e9viter les blessures.<\/p>\n\n\n\n<h2 class=\"ls__heading wp-block-heading\">Nos animations pour enfants<\/h2>\n\n\n\n<p class=\"ls-paragraph\">Aux mois de Juillet et d\u2019Ao\u00fbt notre <a href=\"\/fr\/\">camping \u00e0 C\u00e1lig<\/a> encadrera vos enfants gr\u00e2ce \u00e0 ses <strong>animatrices dipl\u00f4m\u00e9es et sp\u00e9cialis\u00e9es<\/strong>. Elles pourront les distraire, tant sur l\u2019espace jeux que la partie piscine aquatique. Les jours de pluie (tr\u00e8s rares), des ateliers divers seront organis\u00e9s dans les parties abrit\u00e9es.<\/p>\n\n\n\n<p class=\"ls-paragraph\">Nos animatrices L\u2019Orangeraie, resteront \u00e0 votre \u00e9coute quant aux besoins sp\u00e9cifiques de vos enfants (protection du soleil, allergies) et seront vigilantes \u00e0 l\u2019application de vos consignes.<\/p>\n\n\n\n<h2 class=\"ls__heading wp-block-heading has-text-align-center\">Nos animations en soir\u00e9es<\/h2>\n\n\n\n<p class=\"ls-paragraph has-text-align-center\">Nos animations en soir\u00e9e sont au nombre de 3 par semaine en juillet et ao\u00fbt et de 1 par semaine en juin et septembre. Vous trouverez l\u2019irrempla\u00e7able <strong>Flamenco Andalous<\/strong>, dans\u00e9 par des artistes locaux. Ce m\u00eame groupe , issu de la zone de Peniscola propose un second spectacle compos\u00e9 de danses Espagnoles de Valencia , et d\u2019autres contemporaines.<\/p>\n\n\n\n<p class=\"ls-paragraph has-text-align-center\">Un orchestre de jazz, dont certains musiciens sont de C\u00e1lig m\u00eame, de Benicarl\u00f3 et de Pe\u00f1\u00edscola vient agr\u00e9menter les soir\u00e9es repas.<\/p>\n\n\n\n<p class=\"ls-paragraph has-text-align-center\">D\u2019autres <strong>groupes musicaux de vari\u00e9t\u00e9s internationales<\/strong> interviendront en soir\u00e9e.<\/p>\n<\/div>\n\n\n\n<div class=\"wp-block-column is-layout-flow wp-block-column-is-layout-flow\" style=\"flex-basis:66.66%\">\n<figure class=\"wp-block-gallery has-nested-images columns-default is-cropped wp-block-gallery-2 is-layout-flex wp-block-gallery-is-layout-flex\">\n<figure class=\"wp-block-image size-full animated fadeInLeft delay-200ms\"><a href=\"https:\/\/www.campingorangeraie.com\/wp-content\/uploads\/2022\/09\/animations-enfants.jpg\"><img loading=\"lazy\" decoding=\"async\" width=\"800\" height=\"600\" data-id=\"1161\" src=\"https:\/\/www.campingorangeraie.com\/wp-content\/uploads\/2022\/09\/animations-enfants.jpg\" alt=\"animations enfants l'orangeraie\" class=\"wp-image-1161\" srcset=\"https:\/\/www.campingorangeraie.com\/wp-content\/uploads\/2022\/09\/animations-enfants.jpg 800w, https:\/\/www.campingorangeraie.com\/wp-content\/uploads\/2022\/09\/animations-enfants-300x225.jpg 300w, https:\/\/www.campingorangeraie.com\/wp-content\/uploads\/2022\/09\/animations-enfants-768x576.jpg 768w\" sizes=\"auto, (max-width: 800px) 100vw, 800px\" \/><\/a><\/figure>\n\n\n\n<figure class=\"wp-block-image size-full animated fadeInRight delay-200ms\"><a href=\"https:\/\/www.campingorangeraie.com\/wp-content\/uploads\/2024\/10\/camping-orangeraie-con-zona-de-juegos-para-los-ninos-en-calig.webp\"><img loading=\"lazy\" decoding=\"async\" width=\"667\" height=\"1000\" data-id=\"11126\" src=\"https:\/\/www.campingorangeraie.com\/wp-content\/uploads\/2024\/10\/camping-orangeraie-con-zona-de-juegos-para-los-ninos-en-calig.webp\" alt=\"aire de jeu enfants camping orangeraie\" class=\"wp-image-11126\" srcset=\"https:\/\/www.campingorangeraie.com\/wp-content\/uploads\/2024\/10\/camping-orangeraie-con-zona-de-juegos-para-los-ninos-en-calig.webp 667w, https:\/\/www.campingorangeraie.com\/wp-content\/uploads\/2024\/10\/camping-orangeraie-con-zona-de-juegos-para-los-ninos-en-calig-200x300.webp 200w\" sizes=\"auto, (max-width: 667px) 100vw, 667px\" \/><\/a><\/figure>\n<\/figure>\n<\/div>\n<\/div>\n\n\n    <\/div>\n<\/section>\n\n<section id=\"ls-section-block_6c9c4ec40dc75709271feff7e8fc7f90\" class=\"ls-section  has-background-image has-parallax has-background has-color-2-background-color has-p-t p-t-30 has-p-b p-b-30\" >\n    <div class=\"ls-section__background-image opacity-50\"><img decoding=\"async\" src=\"https:\/\/www.campingorangeraie.com\/wp-content\/uploads\/2022\/09\/groupe-music-animation-soir-camping.jpg\" alt=\"groupe musique soir camping animation\"><\/div>    <div class=\"container container--wide\">\n        \n\n<h2 class=\"ls__heading wp-block-heading has-text-align-center\"><\/h2>\n\n\n\n<p class=\"ls-paragraph has-text-align-center\"><\/p>\n\n\n    <\/div>\n<\/section>\n\n<section id=\"ls-section-block_ba357b9519d5be61da35005d087d58d7\" class=\"ls-section  page-under-parallax animated fadeInUp has-background has-color-white-background-color has-p-t p-t-1 has-p-b p-b-14\" >\n        <div class=\"container \">\n        \n    <\/div>\n<\/section>\n\n<section id=\"ls-section-block_d4d6b83003e48c99df37986e8c5fd97f\" class=\"ls-section  page-avis petal-right has-background has-color-3-background-color has-p-t p-t-14 has-p-b p-b-14\" >\n        <div class=\"container \">\n        \n\n<div id=\"ls-heading ls-titre-div-block_8f2c5b374682f4125b37f348b8065306\" class=\"ls-titre-div aligncenter h2-like\" >\n    Et nos clients, que pensent-ils de nos services ?<\/div>\n\n\n<div class=\"avis-container-pages\"><div class=\"avis\"><div class=\"avis-user\"><div class=\"avis-note\">\n                <span><i class=\"orangeraie_one-etoile\"><\/i><\/span><span><i class=\"orangeraie_one-etoile\"><\/i><\/span><span><i class=\"orangeraie_one-etoile\"><\/i><\/span><span><i class=\"orangeraie_one-etoile\"><\/i><\/span><span><i class=\"orangeraie_one-etoile\"><\/i><\/span>\n                <\/div><div class=\"avis-name\">Frederic<\/div><div class=\"avis-content\"><p>Nous y sommes all\u00e9e la premi\u00e8re semaine des vacances de p\u00e2ques en mobil home !!!<br \/>\nCamping calme, tr\u00e8s propre, \u00e9quipement au top, animation pour les adultes et les enfants (sport, mini disco, activit\u00e9s pour les enfants &#8230;) !!! Merci Shana !!!<\/p>\n<\/div><\/div><\/div><\/div>\n\n\n    <\/div>\n<\/section>\n\n<section id=\"ls-section-block_39099b0b29abdbbb3da8958cbfb7c7e5\" class=\"ls-section  page-maillage has-p-t p-t-14 has-p-b p-b-14\" >\n        <div class=\"container container--wide\">\n        \n\n<div id=\"ls-heading ls-titre-div-block_c7b3e48399c1375b8d1e66c759eb5577\" class=\"ls-titre-div aligncenter h2-like\" >\n    D\u00e9couvrez les services , la piscine et les mobil-homes de notre camping<\/div>\n\n\n<div id=\"ls-maillage-block_287e20e41ab0ad94f10aec32803e7399\" class=\"ls-maillage cta-style-normal\" data-rows=\"3\">\r\n    <div class=\"wp-block-columns\"><div class=\"wp-block-column\">\n\n<a href=\"https:\/\/www.campingorangeraie.com\/fr\/camping-familial-calig\/\" target=\"\" rel=\"noopener\" class=\"ls-cta__link\" data-categ=\"\">\n\t<div class=\"ls-cta__image\"><img decoding=\"async\" src=\"https:\/\/www.campingorangeraie.com\/wp-content\/uploads\/2022\/09\/service-camping-orangeraie.jpg\" alt=\"service camping orangeraie\"><\/div>\n\t<div class=\"ls-cta__title\">\n\t\tNos services\t<\/div>\n\n\t<\/a><\/div><div class=\"wp-block-column\">\n\n<a href=\"https:\/\/www.campingorangeraie.com\/fr\/camping-espace-aquatique-calig\/\" target=\"\" rel=\"noopener\" class=\"ls-cta__link\" data-categ=\"\">\n\t<div class=\"ls-cta__image\"><img decoding=\"async\" src=\"https:\/\/www.campingorangeraie.com\/wp-content\/uploads\/2022\/09\/piscine-camping-paradis-lorangeraie.jpg\" alt=\"piscine camping paradis l'orangeraie\"><\/div>\n\t<div class=\"ls-cta__title\">\n\t\tEspace aquatique\t<\/div>\n\n\t<\/a><\/div><div class=\"wp-block-column\">\n\n<a href=\"https:\/\/www.campingorangeraie.com\/fr\/location-mobil-home-calig\/\" target=\"\" rel=\"noopener\" class=\"ls-cta__link\" data-categ=\"\">\n\t<div class=\"ls-cta__image\"><img decoding=\"async\" src=\"https:\/\/www.campingorangeraie.com\/wp-content\/uploads\/2022\/09\/Camping-de-lorangeraie-2021-84-1-scaled.jpeg\" alt=\"location mobil home orangeraie\"><\/div>\n\t<div class=\"ls-cta__title\">\n\t\tNos mobil-homes\t<\/div>\n\n\t<\/a><\/div><\/div><\/div>\n\n    <\/div>\n<\/section>","protected":false},"excerpt":{"rendered":"","protected":false},"author":1,"featured_media":14453,"parent":0,"menu_order":0,"comment_status":"closed","ping_status":"closed","template":"","meta":{"_acf_changed":false,"footnotes":""},"sujet":[],"class_list":["post-516","page","type-page","status-publish","has-post-thumbnail","hentry"],"acf":[],"yoast_head":"<!-- This site is optimized with the Yoast SEO plugin v23.4 - https:\/\/yoast.com\/wordpress\/plugins\/seo\/ -->\n<title>Camping animations Calig | Camping activit\u00e9s Castellon (12)<\/title>\n<meta name=\"description\" content=\"Retrouvez ici toutes nos animations et activit\u00e9s \u00e0 faire lors de votre s\u00e9jour en camping 3 \u00e9toiles en Espagne. Des activit\u00e9s pour toute la famille !\" \/>\n<meta name=\"robots\" content=\"index, follow, max-snippet:-1, max-image-preview:large, max-video-preview:-1\" \/>\n<link rel=\"canonical\" href=\"https:\/\/www.campingorangeraie.com\/fr\/camping-animation-calig\/\" \/>\n<meta property=\"og:locale\" content=\"fr_FR\" \/>\n<meta property=\"og:type\" content=\"article\" \/>\n<meta property=\"og:title\" content=\"Camping animations Calig | Camping activit\u00e9s Castellon (12)\" \/>\n<meta property=\"og:description\" content=\"Retrouvez ici toutes nos animations et activit\u00e9s \u00e0 faire lors de votre s\u00e9jour en camping 3 \u00e9toiles en Espagne. Des activit\u00e9s pour toute la famille !\" \/>\n<meta property=\"og:url\" content=\"https:\/\/www.campingorangeraie.com\/fr\/camping-animation-calig\/\" \/>\n<meta property=\"og:site_name\" content=\"Camping Orangeraie\" \/>\n<meta property=\"article:modified_time\" content=\"2026-01-22T09:38:06+00:00\" \/>\n<meta property=\"og:image\" content=\"https:\/\/www.campingorangeraie.com\/wp-content\/uploads\/2025\/12\/Jeux-enfants-orangeraie-2025-3-scaled.jpg\" \/>\n\t<meta property=\"og:image:width\" content=\"2560\" \/>\n\t<meta property=\"og:image:height\" content=\"1409\" \/>\n\t<meta property=\"og:image:type\" content=\"image\/jpeg\" \/>\n<meta name=\"twitter:card\" content=\"summary_large_image\" \/>\n<meta name=\"twitter:label1\" content=\"Dur\u00e9e de lecture estim\u00e9e\" \/>\n\t<meta name=\"twitter:data1\" content=\"3 minutes\" \/>\n<script type=\"application\/ld+json\" class=\"yoast-schema-graph\">{\"@context\":\"https:\/\/schema.org\",\"@graph\":[{\"@type\":\"WebPage\",\"@id\":\"https:\/\/www.campingorangeraie.com\/fr\/camping-animation-calig\/\",\"url\":\"https:\/\/www.campingorangeraie.com\/fr\/camping-animation-calig\/\",\"name\":\"Camping animations Calig | Camping activit\u00e9s Castellon (12)\",\"isPartOf\":{\"@id\":\"https:\/\/www.campingorangeraie.com\/#website\"},\"primaryImageOfPage\":{\"@id\":\"https:\/\/www.campingorangeraie.com\/fr\/camping-animation-calig\/#primaryimage\"},\"image\":{\"@id\":\"https:\/\/www.campingorangeraie.com\/fr\/camping-animation-calig\/#primaryimage\"},\"thumbnailUrl\":\"https:\/\/www.campingorangeraie.com\/wp-content\/uploads\/2025\/12\/Jeux-enfants-orangeraie-2025-3-scaled.jpg\",\"datePublished\":\"2022-09-05T14:53:12+00:00\",\"dateModified\":\"2026-01-22T09:38:06+00:00\",\"description\":\"Retrouvez ici toutes nos animations et activit\u00e9s \u00e0 faire lors de votre s\u00e9jour en camping 3 \u00e9toiles en Espagne. Des activit\u00e9s pour toute la famille !\",\"breadcrumb\":{\"@id\":\"https:\/\/www.campingorangeraie.com\/fr\/camping-animation-calig\/#breadcrumb\"},\"inLanguage\":\"fr-FR\",\"potentialAction\":[{\"@type\":\"ReadAction\",\"target\":[\"https:\/\/www.campingorangeraie.com\/fr\/camping-animation-calig\/\"]}]},{\"@type\":\"ImageObject\",\"inLanguage\":\"fr-FR\",\"@id\":\"https:\/\/www.campingorangeraie.com\/fr\/camping-animation-calig\/#primaryimage\",\"url\":\"https:\/\/www.campingorangeraie.com\/wp-content\/uploads\/2025\/12\/Jeux-enfants-orangeraie-2025-3-scaled.jpg\",\"contentUrl\":\"https:\/\/www.campingorangeraie.com\/wp-content\/uploads\/2025\/12\/Jeux-enfants-orangeraie-2025-3-scaled.jpg\",\"width\":2560,\"height\":1409,\"caption\":\"Camping Orangeraie @2025 @kikevist_Thierry\"},{\"@type\":\"BreadcrumbList\",\"@id\":\"https:\/\/www.campingorangeraie.com\/fr\/camping-animation-calig\/#breadcrumb\",\"itemListElement\":[{\"@type\":\"ListItem\",\"position\":1,\"name\":\"Camping Peniscola\",\"item\":\"https:\/\/www.campingorangeraie.com\/fr\/\"},{\"@type\":\"ListItem\",\"position\":2,\"name\":\"Camping avec activit\u00e9s \u00e0 Castellon\"}]},{\"@type\":\"WebSite\",\"@id\":\"https:\/\/www.campingorangeraie.com\/#website\",\"url\":\"https:\/\/www.campingorangeraie.com\/\",\"name\":\"Camping Orangeraie\",\"description\":\"\",\"publisher\":{\"@id\":\"https:\/\/www.campingorangeraie.com\/#organization\"},\"potentialAction\":[{\"@type\":\"SearchAction\",\"target\":{\"@type\":\"EntryPoint\",\"urlTemplate\":\"https:\/\/www.campingorangeraie.com\/?s={search_term_string}\"},\"query-input\":{\"@type\":\"PropertyValueSpecification\",\"valueRequired\":true,\"valueName\":\"search_term_string\"}}],\"inLanguage\":\"fr-FR\"},{\"@type\":\"Organization\",\"@id\":\"https:\/\/www.campingorangeraie.com\/#organization\",\"name\":\"Camping L'Orangeraie\",\"url\":\"https:\/\/www.campingorangeraie.com\/\",\"logo\":{\"@type\":\"ImageObject\",\"inLanguage\":\"fr-FR\",\"@id\":\"https:\/\/www.campingorangeraie.com\/#\/schema\/logo\/image\/\",\"url\":\"https:\/\/www.campingorangeraie.com\/wp-content\/uploads\/2022\/09\/logo_orangeraie-banner.png\",\"contentUrl\":\"https:\/\/www.campingorangeraie.com\/wp-content\/uploads\/2022\/09\/logo_orangeraie-banner.png\",\"width\":500,\"height\":500,\"caption\":\"Camping L'Orangeraie\"},\"image\":{\"@id\":\"https:\/\/www.campingorangeraie.com\/#\/schema\/logo\/image\/\"}}]}<\/script>\n<!-- \/ Yoast SEO plugin. -->","yoast_head_json":{"title":"Camping animations Calig | Camping activit\u00e9s Castellon (12)","description":"Retrouvez ici toutes nos animations et activit\u00e9s \u00e0 faire lors de votre s\u00e9jour en camping 3 \u00e9toiles en Espagne. Des activit\u00e9s pour toute la famille !","robots":{"index":"index","follow":"follow","max-snippet":"max-snippet:-1","max-image-preview":"max-image-preview:large","max-video-preview":"max-video-preview:-1"},"canonical":"https:\/\/www.campingorangeraie.com\/fr\/camping-animation-calig\/","og_locale":"fr_FR","og_type":"article","og_title":"Camping animations Calig | Camping activit\u00e9s Castellon (12)","og_description":"Retrouvez ici toutes nos animations et activit\u00e9s \u00e0 faire lors de votre s\u00e9jour en camping 3 \u00e9toiles en Espagne. Des activit\u00e9s pour toute la famille !","og_url":"https:\/\/www.campingorangeraie.com\/fr\/camping-animation-calig\/","og_site_name":"Camping Orangeraie","article_modified_time":"2026-01-22T09:38:06+00:00","og_image":[{"width":2560,"height":1409,"url":"https:\/\/www.campingorangeraie.com\/wp-content\/uploads\/2025\/12\/Jeux-enfants-orangeraie-2025-3-scaled.jpg","type":"image\/jpeg"}],"twitter_card":"summary_large_image","twitter_misc":{"Dur\u00e9e de lecture estim\u00e9e":"3 minutes"},"schema":{"@context":"https:\/\/schema.org","@graph":[{"@type":"WebPage","@id":"https:\/\/www.campingorangeraie.com\/fr\/camping-animation-calig\/","url":"https:\/\/www.campingorangeraie.com\/fr\/camping-animation-calig\/","name":"Camping animations Calig | Camping activit\u00e9s Castellon (12)","isPartOf":{"@id":"https:\/\/www.campingorangeraie.com\/#website"},"primaryImageOfPage":{"@id":"https:\/\/www.campingorangeraie.com\/fr\/camping-animation-calig\/#primaryimage"},"image":{"@id":"https:\/\/www.campingorangeraie.com\/fr\/camping-animation-calig\/#primaryimage"},"thumbnailUrl":"https:\/\/www.campingorangeraie.com\/wp-content\/uploads\/2025\/12\/Jeux-enfants-orangeraie-2025-3-scaled.jpg","datePublished":"2022-09-05T14:53:12+00:00","dateModified":"2026-01-22T09:38:06+00:00","description":"Retrouvez ici toutes nos animations et activit\u00e9s \u00e0 faire lors de votre s\u00e9jour en camping 3 \u00e9toiles en Espagne. Des activit\u00e9s pour toute la famille !","breadcrumb":{"@id":"https:\/\/www.campingorangeraie.com\/fr\/camping-animation-calig\/#breadcrumb"},"inLanguage":"fr-FR","potentialAction":[{"@type":"ReadAction","target":["https:\/\/www.campingorangeraie.com\/fr\/camping-animation-calig\/"]}]},{"@type":"ImageObject","inLanguage":"fr-FR","@id":"https:\/\/www.campingorangeraie.com\/fr\/camping-animation-calig\/#primaryimage","url":"https:\/\/www.campingorangeraie.com\/wp-content\/uploads\/2025\/12\/Jeux-enfants-orangeraie-2025-3-scaled.jpg","contentUrl":"https:\/\/www.campingorangeraie.com\/wp-content\/uploads\/2025\/12\/Jeux-enfants-orangeraie-2025-3-scaled.jpg","width":2560,"height":1409,"caption":"Camping Orangeraie @2025 @kikevist_Thierry"},{"@type":"BreadcrumbList","@id":"https:\/\/www.campingorangeraie.com\/fr\/camping-animation-calig\/#breadcrumb","itemListElement":[{"@type":"ListItem","position":1,"name":"Camping Peniscola","item":"https:\/\/www.campingorangeraie.com\/fr\/"},{"@type":"ListItem","position":2,"name":"Camping avec activit\u00e9s \u00e0 Castellon"}]},{"@type":"WebSite","@id":"https:\/\/www.campingorangeraie.com\/#website","url":"https:\/\/www.campingorangeraie.com\/","name":"Camping Orangeraie","description":"","publisher":{"@id":"https:\/\/www.campingorangeraie.com\/#organization"},"potentialAction":[{"@type":"SearchAction","target":{"@type":"EntryPoint","urlTemplate":"https:\/\/www.campingorangeraie.com\/?s={search_term_string}"},"query-input":{"@type":"PropertyValueSpecification","valueRequired":true,"valueName":"search_term_string"}}],"inLanguage":"fr-FR"},{"@type":"Organization","@id":"https:\/\/www.campingorangeraie.com\/#organization","name":"Camping L'Orangeraie","url":"https:\/\/www.campingorangeraie.com\/","logo":{"@type":"ImageObject","inLanguage":"fr-FR","@id":"https:\/\/www.campingorangeraie.com\/#\/schema\/logo\/image\/","url":"https:\/\/www.campingorangeraie.com\/wp-content\/uploads\/2022\/09\/logo_orangeraie-banner.png","contentUrl":"https:\/\/www.campingorangeraie.com\/wp-content\/uploads\/2022\/09\/logo_orangeraie-banner.png","width":500,"height":500,"caption":"Camping L'Orangeraie"},"image":{"@id":"https:\/\/www.campingorangeraie.com\/#\/schema\/logo\/image\/"}}]}},"_links":{"self":[{"href":"https:\/\/www.campingorangeraie.com\/fr\/wp-json\/wp\/v2\/pages\/516","targetHints":{"allow":["GET"]}}],"collection":[{"href":"https:\/\/www.campingorangeraie.com\/fr\/wp-json\/wp\/v2\/pages"}],"about":[{"href":"https:\/\/www.campingorangeraie.com\/fr\/wp-json\/wp\/v2\/types\/page"}],"author":[{"embeddable":true,"href":"https:\/\/www.campingorangeraie.com\/fr\/wp-json\/wp\/v2\/users\/1"}],"replies":[{"embeddable":true,"href":"https:\/\/www.campingorangeraie.com\/fr\/wp-json\/wp\/v2\/comments?post=516"}],"version-history":[{"count":48,"href":"https:\/\/www.campingorangeraie.com\/fr\/wp-json\/wp\/v2\/pages\/516\/revisions"}],"predecessor-version":[{"id":14584,"href":"https:\/\/www.campingorangeraie.com\/fr\/wp-json\/wp\/v2\/pages\/516\/revisions\/14584"}],"wp:featuredmedia":[{"embeddable":true,"href":"https:\/\/www.campingorangeraie.com\/fr\/wp-json\/wp\/v2\/media\/14453"}],"wp:attachment":[{"href":"https:\/\/www.campingorangeraie.com\/fr\/wp-json\/wp\/v2\/media?parent=516"}],"wp:term":[{"taxonomy":"sujet","embeddable":true,"href":"https:\/\/www.campingorangeraie.com\/fr\/wp-json\/wp\/v2\/sujet?post=516"}],"curies":[{"name":"wp","href":"https:\/\/api.w.org\/{rel}","templated":true}]}}