{"id":3620,"date":"2022-09-05T16:53:12","date_gmt":"2022-09-05T14:53:12","guid":{"rendered":"https:\/\/www.campingorangeraie.com\/camping-animation-calig\/"},"modified":"2026-01-22T10:43:17","modified_gmt":"2026-01-22T09:43:17","slug":"camping-activities-calig","status":"publish","type":"page","link":"https:\/\/www.campingorangeraie.com\/en\/camping-activities-calig\/","title":{"rendered":"Nos animations familiales"},"content":{"rendered":"<section id=\"ls-section-block_f9c343badd1cfe04d207792ca31676c1\" class=\"ls-section  page-entete animated fadeInUp delay-200ms has-p-t p-t-14\" >\n        <div class=\"container container--wide\">\n        \n\n<h1 class=\"ls__heading wp-block-heading has-text-align-left\">Top family entertainment at the campsite in Calig<\/h1>\n\n\n    <\/div>\n<\/section>\n\n<section id=\"ls-section-block_372ce6397f5d4aaad93757653d2c5839\" class=\"ls-section  page-one has-p-b p-b-14\" >\n        <div class=\"container container--wide\">\n        \n\n<div class=\"wp-block-columns is-layout-flex wp-container-core-columns-is-layout-9d6595d7 wp-block-columns-is-layout-flex\">\n<div class=\"wp-block-column is-layout-flow wp-block-column-is-layout-flow\" style=\"flex-basis:66.66%\">\n<figure class=\"wp-block-gallery has-nested-images columns-default is-cropped wp-block-gallery-1 is-layout-flex wp-block-gallery-is-layout-flex\">\n<figure class=\"wp-block-image size-full animated fadeInRight delay-500ms\"><a href=\"https:\/\/www.campingorangeraie.com\/wp-content\/uploads\/2022\/09\/espace-aquatique-jeux.jpg\"><img loading=\"lazy\" decoding=\"async\" width=\"800\" height=\"600\" data-id=\"1154\" src=\"https:\/\/www.campingorangeraie.com\/wp-content\/uploads\/2022\/09\/espace-aquatique-jeux.jpg\" alt=\"camping avec piscine \" class=\"wp-image-1154\" srcset=\"https:\/\/www.campingorangeraie.com\/wp-content\/uploads\/2022\/09\/espace-aquatique-jeux.jpg 800w, https:\/\/www.campingorangeraie.com\/wp-content\/uploads\/2022\/09\/espace-aquatique-jeux-300x225.jpg 300w, https:\/\/www.campingorangeraie.com\/wp-content\/uploads\/2022\/09\/espace-aquatique-jeux-768x576.jpg 768w\" sizes=\"auto, (max-width: 800px) 100vw, 800px\" \/><\/a><\/figure>\n\n\n\n<figure class=\"wp-block-image size-full animated fadeInLeft delay-500ms\"><a href=\"https:\/\/www.campingorangeraie.com\/wp-content\/uploads\/2025\/12\/Glamping-Orangeraie-2024-37-scaled.jpg\"><img loading=\"lazy\" decoding=\"async\" width=\"2560\" height=\"1707\" data-id=\"14457\" src=\"https:\/\/www.campingorangeraie.com\/wp-content\/uploads\/2025\/12\/Glamping-Orangeraie-2024-37-scaled.jpg\" alt=\"\" class=\"wp-image-14457\" srcset=\"https:\/\/www.campingorangeraie.com\/wp-content\/uploads\/2025\/12\/Glamping-Orangeraie-2024-37-scaled.jpg 2560w, https:\/\/www.campingorangeraie.com\/wp-content\/uploads\/2025\/12\/Glamping-Orangeraie-2024-37-300x200.jpg 300w, https:\/\/www.campingorangeraie.com\/wp-content\/uploads\/2025\/12\/Glamping-Orangeraie-2024-37-1024x683.jpg 1024w, https:\/\/www.campingorangeraie.com\/wp-content\/uploads\/2025\/12\/Glamping-Orangeraie-2024-37-768x512.jpg 768w, https:\/\/www.campingorangeraie.com\/wp-content\/uploads\/2025\/12\/Glamping-Orangeraie-2024-37-1536x1024.jpg 1536w, https:\/\/www.campingorangeraie.com\/wp-content\/uploads\/2025\/12\/Glamping-Orangeraie-2024-37-2048x1365.jpg 2048w\" sizes=\"auto, (max-width: 2560px) 100vw, 2560px\" \/><\/a><\/figure>\n<\/figure>\n<\/div>\n\n\n\n<div class=\"wp-block-column is-vertically-aligned-center is-layout-flow wp-block-column-is-layout-flow\" style=\"flex-basis:33.33%\">\n<h2 class=\"ls__heading wp-block-heading\">Vacations at Camping in Castellon<\/h2>\n\n\n\n<p class=\"ls-paragraph\">As for the outdoor facilities, you will find in your 3 star campsite in Pe\u00f1\u00edscola, Spain, an aquatic area, swimming pools, ping-pong table, multisport field and a playground for children. Many activities are offered during the months of July and August for your camping vacations in Spain: various activities around the pool during the day.<\/p>\n\n\n\n<p class=\"ls-paragraph\">In August we offer you the following activities:<\/p>\n<\/div>\n<\/div>\n\n\n    <\/div>\n<\/section>\n\n<section id=\"ls-section-block_2b5f9610c70c0880988d50cb4927b2f8\" class=\"ls-section  page-two petal-left has-background has-color-3-background-color has-p-t p-t-14 has-p-b p-b-14\" >\n        <div class=\"container container--wide\">\n        \n\n<div class=\"wp-block-columns is-layout-flex wp-container-core-columns-is-layout-9d6595d7 wp-block-columns-is-layout-flex\">\n<div class=\"wp-block-column is-vertically-aligned-center is-layout-flow wp-block-column-is-layout-flow\" style=\"flex-basis:33.33%\">\n<h2 class=\"ls__heading wp-block-heading\">Our children&#8217;s playground<\/h2>\n\n\n\n<p class=\"ls-paragraph\">Our <strong>children&#8217;s area<\/strong> with swings, slide, small horses is dedicated to children under 10 years old. It is protected by a fence to secure the perimeter. It is closed at night. However, we strongly advise parents to keep an eye on their children. The ground is covered with round gravel to avoid injuries.<\/p>\n\n\n\n<h2 class=\"ls__heading wp-block-heading\">Our animations for children<\/h2>\n\n\n\n<p class=\"ls-paragraph\">In July and August, our <a href=\"\/en\/\">campsite in C\u00e0lig<\/a> will take care of your children thanks to its qualified and specialized animators. They will be able to entertain them, both in the play area and in the aquatic pool area. On rainy days (very rare), various workshops will be organized in the sheltered areas.<\/p>\n\n\n\n<p class=\"ls-paragraph\">Our L&#8217;Orangeraie staff will listen to your children&#8217;s specific needs (sun protection, allergies) and will be vigilant in applying your instructions.<\/p>\n\n\n\n<h2 class=\"ls__heading wp-block-heading has-text-align-center\">Our evening events<\/h2>\n\n\n\n<p class=\"ls-paragraph has-text-align-center\">Our evening entertainment is 3 in July and August and 1 in June and September. You will find the irreplaceable Flamenco Andalusian, danced by local artists. The same group, from the Peniscola area, offers a second show composed of Spanish dances from Valencia, and other contemporary ones.<\/p>\n\n\n\n<p class=\"ls-paragraph has-text-align-center\">A jazz band, with musicians from C\u00e1lig, Benicarl\u00f3 and Pe\u00f1\u00edscola, is also on hand for the evening meals.<\/p>\n\n\n\n<p class=\"ls-paragraph has-text-align-center\">Other <strong>international variety bands<\/strong> will perform in the evening.<\/p>\n\n\n\n<p class=\"ls-paragraph has-text-align-center\">The icing on the cake is that one of our entertainers will offer you a song night.<\/p>\n<\/div>\n\n\n\n<div class=\"wp-block-column is-layout-flow wp-block-column-is-layout-flow\" style=\"flex-basis:66.66%\">\n<figure class=\"wp-block-gallery has-nested-images columns-default is-cropped wp-block-gallery-2 is-layout-flex wp-block-gallery-is-layout-flex\">\n<figure class=\"wp-block-image size-full animated fadeInLeft delay-200ms\"><a href=\"https:\/\/www.campingorangeraie.com\/wp-content\/uploads\/2022\/09\/animations-enfants.jpg\"><img loading=\"lazy\" decoding=\"async\" width=\"800\" height=\"600\" data-id=\"1161\" src=\"https:\/\/www.campingorangeraie.com\/wp-content\/uploads\/2022\/09\/animations-enfants.jpg\" alt=\"animations enfants l'orangeraie\" class=\"wp-image-1161\" srcset=\"https:\/\/www.campingorangeraie.com\/wp-content\/uploads\/2022\/09\/animations-enfants.jpg 800w, https:\/\/www.campingorangeraie.com\/wp-content\/uploads\/2022\/09\/animations-enfants-300x225.jpg 300w, https:\/\/www.campingorangeraie.com\/wp-content\/uploads\/2022\/09\/animations-enfants-768x576.jpg 768w\" sizes=\"auto, (max-width: 800px) 100vw, 800px\" \/><\/a><\/figure>\n\n\n\n<figure class=\"wp-block-image size-full animated fadeInRight delay-200ms\"><a href=\"https:\/\/www.campingorangeraie.com\/wp-content\/uploads\/2024\/10\/camping-orangeraie-con-zona-de-juegos-para-los-ninos-en-calig.webp\"><img loading=\"lazy\" decoding=\"async\" width=\"667\" height=\"1000\" data-id=\"11125\" src=\"https:\/\/www.campingorangeraie.com\/wp-content\/uploads\/2024\/10\/camping-orangeraie-con-zona-de-juegos-para-los-ninos-en-calig.webp\" alt=\"\" class=\"wp-image-11125\" srcset=\"https:\/\/www.campingorangeraie.com\/wp-content\/uploads\/2024\/10\/camping-orangeraie-con-zona-de-juegos-para-los-ninos-en-calig.webp 667w, https:\/\/www.campingorangeraie.com\/wp-content\/uploads\/2024\/10\/camping-orangeraie-con-zona-de-juegos-para-los-ninos-en-calig-200x300.webp 200w\" sizes=\"auto, (max-width: 667px) 100vw, 667px\" \/><\/a><\/figure>\n<\/figure>\n<\/div>\n<\/div>\n\n\n    <\/div>\n<\/section>\n\n<section id=\"ls-section-block_73993af253e5010ffe2c63a65840e01c\" class=\"ls-section  has-background-image has-parallax has-background has-color-2-background-color has-p-t p-t-30 has-p-b p-b-30\" >\n    <div class=\"ls-section__background-image opacity-50\"><img decoding=\"async\" src=\"https:\/\/www.campingorangeraie.com\/wp-content\/uploads\/2022\/09\/groupe-music-animation-soir-camping.jpg\" alt=\"groupe musique soir camping animation\"><\/div>    <div class=\"container container--wide\">\n        \n\n<h2 class=\"ls__heading wp-block-heading has-text-align-center\"><\/h2>\n\n\n    <\/div>\n<\/section>\n\n<section id=\"ls-section-block_36f1e7e37e96ddf1986b113b005abed6\" class=\"ls-section  page-under-parallax animated fadeInUp has-background has-color-white-background-color has-p-t p-t-1 has-p-b p-b-14\" >\n        <div class=\"container \">\n        \n    <\/div>\n<\/section>\n\n<section id=\"ls-section-block_8bf330a264ed42879f332f5b700b304d\" class=\"ls-section  page-avis petal-right has-background has-color-3-background-color has-p-t p-t-14 has-p-b p-b-14\" >\n        <div class=\"container \">\n        \n\n<div id=\"ls-heading ls-titre-div-block_838cb0c96403d53ac7912ee66bdbbba1\" class=\"ls-titre-div aligncenter h2-like\" >\n    What do our customers think of our services?<\/div>\n\n\n<div class=\"avis-container-pages\"><div class=\"avis\"><div class=\"avis-user\"><div class=\"avis-note\">\n                <span><i class=\"orangeraie_one-etoile\"><\/i><\/span><span><i class=\"orangeraie_one-etoile\"><\/i><\/span><span><i class=\"orangeraie_one-etoile\"><\/i><\/span><span><i class=\"orangeraie_one-etoile\"><\/i><\/span><span><i class=\"orangeraie_one-etoile\"><\/i><\/span>\n                <\/div><div class=\"avis-name\">Frederic<\/div><div class=\"avis-content\"><p>We went there the first week of the Easter vacations in a mobile home !!!<br \/>\nQuiet campsite, very clean, top equipment, entertainment for adults and children (sports, mini disco, activities for children &#8230;) !!! Thanks Shana !!!<\/p>\n<\/div><\/div><\/div><\/div>\n\n\n    <\/div>\n<\/section>\n\n<section id=\"ls-section-block_868fe613fd63ea74f0f5fcaa4e26b17b\" class=\"ls-section  page-maillage has-p-t p-t-14 has-p-b p-b-14\" >\n        <div class=\"container container--wide\">\n        \n\n<div id=\"ls-heading ls-titre-div-block_7064fa922f51bea0355f3a1e13ffc816\" class=\"ls-titre-div aligncenter h2-like\" >\n    Discover the services, the swimming pool and the mobile homes of our campsite<\/div>\n\n\n<div id=\"ls-maillage-block_aad60b3987fde23258753f03018bda59\" class=\"ls-maillage cta-style-normal\" data-rows=\"3\">\r\n    <div class=\"wp-block-columns\"><div class=\"wp-block-column\">\n\n<a href=\"https:\/\/www.campingorangeraie.com\/en\/camping-space-aquatic-calig\/\" target=\"\" rel=\"noopener\" class=\"ls-cta__link\" data-categ=\"\">\n\t<div class=\"ls-cta__image\"><img decoding=\"async\" src=\"https:\/\/www.campingorangeraie.com\/wp-content\/uploads\/2022\/09\/piscine-camping-paradis-lorangeraie.jpg\" alt=\"piscine camping paradis l'orangeraie\"><\/div>\n\t<div class=\"ls-cta__title\">\n\t\tSwimming Pool\t<\/div>\n\n\t<\/a><\/div><div class=\"wp-block-column\">\n\n<a href=\"https:\/\/www.campingorangeraie.com\/en\/rent-mobile-home-calig\/\" target=\"\" rel=\"noopener\" class=\"ls-cta__link\" data-categ=\"\">\n\t<div class=\"ls-cta__image\"><img decoding=\"async\" src=\"https:\/\/www.campingorangeraie.com\/wp-content\/uploads\/2022\/09\/Camping-de-lorangeraie-2021-84-1-scaled.jpeg\" alt=\"location mobil home orangeraie\"><\/div>\n\t<div class=\"ls-cta__title\">\n\t\tMobile home\t<\/div>\n\n\t<\/a><\/div><div class=\"wp-block-column\">\n\n<a href=\"https:\/\/www.campingorangeraie.com\/en\/campsite-familial-calig\/\" target=\"\" rel=\"noopener\" class=\"ls-cta__link\" data-categ=\"\">\n\t<div class=\"ls-cta__image\"><img decoding=\"async\" src=\"https:\/\/www.campingorangeraie.com\/wp-content\/uploads\/2022\/09\/service-camping-orangeraie.jpg\" alt=\"service camping orangeraie\"><\/div>\n\t<div class=\"ls-cta__title\">\n\t\tServices\t<\/div>\n\n\t<\/a><\/div><\/div><\/div>\n\n    <\/div>\n<\/section>","protected":false},"excerpt":{"rendered":"","protected":false},"author":1,"featured_media":14452,"parent":0,"menu_order":0,"comment_status":"closed","ping_status":"closed","template":"","meta":{"_acf_changed":false,"footnotes":""},"sujet":[],"class_list":["post-3620","page","type-page","status-publish","has-post-thumbnail","hentry"],"acf":[],"yoast_head":"<!-- This site is optimized with the Yoast SEO plugin v23.4 - https:\/\/yoast.com\/wordpress\/plugins\/seo\/ -->\n<title>Camping animations Calig | Camping activities Castellon (12)<\/title>\n<meta name=\"description\" content=\"Find here all our animations and activities to do during your stay in a 3 star campsite in Spain. Activities for the whole family!\" \/>\n<meta name=\"robots\" content=\"index, follow, max-snippet:-1, max-image-preview:large, max-video-preview:-1\" \/>\n<link rel=\"canonical\" href=\"https:\/\/www.campingorangeraie.com\/en\/camping-activities-calig\/\" \/>\n<meta property=\"og:locale\" content=\"en_US\" \/>\n<meta property=\"og:type\" content=\"article\" \/>\n<meta property=\"og:title\" content=\"Camping animations Calig | Camping activities Castellon (12)\" \/>\n<meta property=\"og:description\" content=\"Find here all our animations and activities to do during your stay in a 3 star campsite in Spain. Activities for the whole family!\" \/>\n<meta property=\"og:url\" content=\"https:\/\/www.campingorangeraie.com\/en\/camping-activities-calig\/\" \/>\n<meta property=\"og:site_name\" content=\"Camping Orangeraie\" \/>\n<meta property=\"article:modified_time\" content=\"2026-01-22T09:43:17+00:00\" \/>\n<meta property=\"og:image\" content=\"https:\/\/www.campingorangeraie.com\/wp-content\/uploads\/2025\/12\/Jeux-enfants-orangeraie-2025-3-scaled.jpg\" \/>\n\t<meta property=\"og:image:width\" content=\"2560\" \/>\n\t<meta property=\"og:image:height\" content=\"1409\" \/>\n\t<meta property=\"og:image:type\" content=\"image\/jpeg\" \/>\n<meta name=\"twitter:card\" content=\"summary_large_image\" \/>\n<meta name=\"twitter:label1\" content=\"Est. reading time\" \/>\n\t<meta name=\"twitter:data1\" content=\"3 minutes\" \/>\n<script type=\"application\/ld+json\" class=\"yoast-schema-graph\">{\"@context\":\"https:\/\/schema.org\",\"@graph\":[{\"@type\":\"WebPage\",\"@id\":\"https:\/\/www.campingorangeraie.com\/en\/camping-activities-calig\/\",\"url\":\"https:\/\/www.campingorangeraie.com\/en\/camping-activities-calig\/\",\"name\":\"Camping animations Calig | Camping activities Castellon (12)\",\"isPartOf\":{\"@id\":\"https:\/\/www.campingorangeraie.com\/#website\"},\"primaryImageOfPage\":{\"@id\":\"https:\/\/www.campingorangeraie.com\/en\/camping-activities-calig\/#primaryimage\"},\"image\":{\"@id\":\"https:\/\/www.campingorangeraie.com\/en\/camping-activities-calig\/#primaryimage\"},\"thumbnailUrl\":\"https:\/\/www.campingorangeraie.com\/wp-content\/uploads\/2025\/12\/Jeux-enfants-orangeraie-2025-3-scaled.jpg\",\"datePublished\":\"2022-09-05T14:53:12+00:00\",\"dateModified\":\"2026-01-22T09:43:17+00:00\",\"description\":\"Find here all our animations and activities to do during your stay in a 3 star campsite in Spain. Activities for the whole family!\",\"breadcrumb\":{\"@id\":\"https:\/\/www.campingorangeraie.com\/en\/camping-activities-calig\/#breadcrumb\"},\"inLanguage\":\"en-US\",\"potentialAction\":[{\"@type\":\"ReadAction\",\"target\":[\"https:\/\/www.campingorangeraie.com\/en\/camping-activities-calig\/\"]}]},{\"@type\":\"ImageObject\",\"inLanguage\":\"en-US\",\"@id\":\"https:\/\/www.campingorangeraie.com\/en\/camping-activities-calig\/#primaryimage\",\"url\":\"https:\/\/www.campingorangeraie.com\/wp-content\/uploads\/2025\/12\/Jeux-enfants-orangeraie-2025-3-scaled.jpg\",\"contentUrl\":\"https:\/\/www.campingorangeraie.com\/wp-content\/uploads\/2025\/12\/Jeux-enfants-orangeraie-2025-3-scaled.jpg\",\"width\":2560,\"height\":1409,\"caption\":\"Camping Orangeraie @2025 @kikevist_Thierry\"},{\"@type\":\"BreadcrumbList\",\"@id\":\"https:\/\/www.campingorangeraie.com\/en\/camping-activities-calig\/#breadcrumb\",\"itemListElement\":[{\"@type\":\"ListItem\",\"position\":1,\"name\":\"Camping Peniscola\",\"item\":\"https:\/\/www.campingorangeraie.com\/en\/\"},{\"@type\":\"ListItem\",\"position\":2,\"name\":\"Camping with activities in Castellon\"}]},{\"@type\":\"WebSite\",\"@id\":\"https:\/\/www.campingorangeraie.com\/#website\",\"url\":\"https:\/\/www.campingorangeraie.com\/\",\"name\":\"Camping Orangeraie\",\"description\":\"\",\"publisher\":{\"@id\":\"https:\/\/www.campingorangeraie.com\/#organization\"},\"potentialAction\":[{\"@type\":\"SearchAction\",\"target\":{\"@type\":\"EntryPoint\",\"urlTemplate\":\"https:\/\/www.campingorangeraie.com\/?s={search_term_string}\"},\"query-input\":{\"@type\":\"PropertyValueSpecification\",\"valueRequired\":true,\"valueName\":\"search_term_string\"}}],\"inLanguage\":\"en-US\"},{\"@type\":\"Organization\",\"@id\":\"https:\/\/www.campingorangeraie.com\/#organization\",\"name\":\"Camping L'Orangeraie\",\"url\":\"https:\/\/www.campingorangeraie.com\/\",\"logo\":{\"@type\":\"ImageObject\",\"inLanguage\":\"en-US\",\"@id\":\"https:\/\/www.campingorangeraie.com\/#\/schema\/logo\/image\/\",\"url\":\"https:\/\/www.campingorangeraie.com\/wp-content\/uploads\/2022\/09\/logo_orangeraie-banner.png\",\"contentUrl\":\"https:\/\/www.campingorangeraie.com\/wp-content\/uploads\/2022\/09\/logo_orangeraie-banner.png\",\"width\":500,\"height\":500,\"caption\":\"Camping L'Orangeraie\"},\"image\":{\"@id\":\"https:\/\/www.campingorangeraie.com\/#\/schema\/logo\/image\/\"}}]}<\/script>\n<!-- \/ Yoast SEO plugin. -->","yoast_head_json":{"title":"Camping animations Calig | Camping activities Castellon (12)","description":"Find here all our animations and activities to do during your stay in a 3 star campsite in Spain. Activities for the whole family!","robots":{"index":"index","follow":"follow","max-snippet":"max-snippet:-1","max-image-preview":"max-image-preview:large","max-video-preview":"max-video-preview:-1"},"canonical":"https:\/\/www.campingorangeraie.com\/en\/camping-activities-calig\/","og_locale":"en_US","og_type":"article","og_title":"Camping animations Calig | Camping activities Castellon (12)","og_description":"Find here all our animations and activities to do during your stay in a 3 star campsite in Spain. Activities for the whole family!","og_url":"https:\/\/www.campingorangeraie.com\/en\/camping-activities-calig\/","og_site_name":"Camping Orangeraie","article_modified_time":"2026-01-22T09:43:17+00:00","og_image":[{"width":2560,"height":1409,"url":"https:\/\/www.campingorangeraie.com\/wp-content\/uploads\/2025\/12\/Jeux-enfants-orangeraie-2025-3-scaled.jpg","type":"image\/jpeg"}],"twitter_card":"summary_large_image","twitter_misc":{"Est. reading time":"3 minutes"},"schema":{"@context":"https:\/\/schema.org","@graph":[{"@type":"WebPage","@id":"https:\/\/www.campingorangeraie.com\/en\/camping-activities-calig\/","url":"https:\/\/www.campingorangeraie.com\/en\/camping-activities-calig\/","name":"Camping animations Calig | Camping activities Castellon (12)","isPartOf":{"@id":"https:\/\/www.campingorangeraie.com\/#website"},"primaryImageOfPage":{"@id":"https:\/\/www.campingorangeraie.com\/en\/camping-activities-calig\/#primaryimage"},"image":{"@id":"https:\/\/www.campingorangeraie.com\/en\/camping-activities-calig\/#primaryimage"},"thumbnailUrl":"https:\/\/www.campingorangeraie.com\/wp-content\/uploads\/2025\/12\/Jeux-enfants-orangeraie-2025-3-scaled.jpg","datePublished":"2022-09-05T14:53:12+00:00","dateModified":"2026-01-22T09:43:17+00:00","description":"Find here all our animations and activities to do during your stay in a 3 star campsite in Spain. Activities for the whole family!","breadcrumb":{"@id":"https:\/\/www.campingorangeraie.com\/en\/camping-activities-calig\/#breadcrumb"},"inLanguage":"en-US","potentialAction":[{"@type":"ReadAction","target":["https:\/\/www.campingorangeraie.com\/en\/camping-activities-calig\/"]}]},{"@type":"ImageObject","inLanguage":"en-US","@id":"https:\/\/www.campingorangeraie.com\/en\/camping-activities-calig\/#primaryimage","url":"https:\/\/www.campingorangeraie.com\/wp-content\/uploads\/2025\/12\/Jeux-enfants-orangeraie-2025-3-scaled.jpg","contentUrl":"https:\/\/www.campingorangeraie.com\/wp-content\/uploads\/2025\/12\/Jeux-enfants-orangeraie-2025-3-scaled.jpg","width":2560,"height":1409,"caption":"Camping Orangeraie @2025 @kikevist_Thierry"},{"@type":"BreadcrumbList","@id":"https:\/\/www.campingorangeraie.com\/en\/camping-activities-calig\/#breadcrumb","itemListElement":[{"@type":"ListItem","position":1,"name":"Camping Peniscola","item":"https:\/\/www.campingorangeraie.com\/en\/"},{"@type":"ListItem","position":2,"name":"Camping with activities in Castellon"}]},{"@type":"WebSite","@id":"https:\/\/www.campingorangeraie.com\/#website","url":"https:\/\/www.campingorangeraie.com\/","name":"Camping Orangeraie","description":"","publisher":{"@id":"https:\/\/www.campingorangeraie.com\/#organization"},"potentialAction":[{"@type":"SearchAction","target":{"@type":"EntryPoint","urlTemplate":"https:\/\/www.campingorangeraie.com\/?s={search_term_string}"},"query-input":{"@type":"PropertyValueSpecification","valueRequired":true,"valueName":"search_term_string"}}],"inLanguage":"en-US"},{"@type":"Organization","@id":"https:\/\/www.campingorangeraie.com\/#organization","name":"Camping L'Orangeraie","url":"https:\/\/www.campingorangeraie.com\/","logo":{"@type":"ImageObject","inLanguage":"en-US","@id":"https:\/\/www.campingorangeraie.com\/#\/schema\/logo\/image\/","url":"https:\/\/www.campingorangeraie.com\/wp-content\/uploads\/2022\/09\/logo_orangeraie-banner.png","contentUrl":"https:\/\/www.campingorangeraie.com\/wp-content\/uploads\/2022\/09\/logo_orangeraie-banner.png","width":500,"height":500,"caption":"Camping L'Orangeraie"},"image":{"@id":"https:\/\/www.campingorangeraie.com\/#\/schema\/logo\/image\/"}}]}},"_links":{"self":[{"href":"https:\/\/www.campingorangeraie.com\/en\/wp-json\/wp\/v2\/pages\/3620","targetHints":{"allow":["GET"]}}],"collection":[{"href":"https:\/\/www.campingorangeraie.com\/en\/wp-json\/wp\/v2\/pages"}],"about":[{"href":"https:\/\/www.campingorangeraie.com\/en\/wp-json\/wp\/v2\/types\/page"}],"author":[{"embeddable":true,"href":"https:\/\/www.campingorangeraie.com\/en\/wp-json\/wp\/v2\/users\/1"}],"replies":[{"embeddable":true,"href":"https:\/\/www.campingorangeraie.com\/en\/wp-json\/wp\/v2\/comments?post=3620"}],"version-history":[{"count":9,"href":"https:\/\/www.campingorangeraie.com\/en\/wp-json\/wp\/v2\/pages\/3620\/revisions"}],"predecessor-version":[{"id":14586,"href":"https:\/\/www.campingorangeraie.com\/en\/wp-json\/wp\/v2\/pages\/3620\/revisions\/14586"}],"wp:featuredmedia":[{"embeddable":true,"href":"https:\/\/www.campingorangeraie.com\/en\/wp-json\/wp\/v2\/media\/14452"}],"wp:attachment":[{"href":"https:\/\/www.campingorangeraie.com\/en\/wp-json\/wp\/v2\/media?parent=3620"}],"wp:term":[{"taxonomy":"sujet","embeddable":true,"href":"https:\/\/www.campingorangeraie.com\/en\/wp-json\/wp\/v2\/sujet?post=3620"}],"curies":[{"name":"wp","href":"https:\/\/api.w.org\/{rel}","templated":true}]}}