{"id":3645,"date":"2022-09-20T14:07:14","date_gmt":"2022-09-20T12:07:14","guid":{"rendered":"https:\/\/www.campingorangeraie.com\/camping-vinaros\/"},"modified":"2022-11-21T12:06:21","modified_gmt":"2022-11-21T11:06:21","slug":"camping-vinaros","status":"publish","type":"page","link":"https:\/\/www.campingorangeraie.com\/de\/camping-vinaros\/","title":{"rendered":"Vinaros"},"content":{"rendered":"<section id=\"ls-section-block_2c2ae30da0b5fe289861803c599445ec\" class=\"ls-section  page-entete animated fadeInUp delay-200ms has-p-t p-t-14\" >\n        <div class=\"container container--wide\">\n        \n\n<h1 class=\"ls__heading has-text-align-left wp-block-heading\">Entdecken Sie Vinaros<\/h1>\n\n\n    <\/div>\n<\/section>\n\n<section id=\"ls-section-block_615ad427f60e47f6b078d74d012521cb\" class=\"ls-section  page-one has-p-b p-b-14\" >\n        <div class=\"container container--wide\">\n        \n\n<div class=\"wp-block-columns is-layout-flex wp-container-core-columns-is-layout-9d6595d7 wp-block-columns-is-layout-flex\">\n<div class=\"wp-block-column is-vertically-aligned-center is-layout-flow wp-block-column-is-layout-flow\" style=\"flex-basis:66.66%\">\n<figure class=\"wp-block-gallery has-nested-images columns-default is-cropped wp-block-gallery-1 is-layout-flex wp-block-gallery-is-layout-flex\">\n<figure class=\"wp-block-image size-full animated fadeInRight delay-500ms\"><a href=\"https:\/\/www.campingorangeraie.com\/wp-content\/uploads\/2022\/09\/fetes-vinaros-espagne.jpg\"><img loading=\"lazy\" decoding=\"async\" width=\"800\" height=\"600\" data-id=\"1985\" src=\"https:\/\/www.campingorangeraie.com\/wp-content\/uploads\/2022\/09\/fetes-vinaros-espagne.jpg\" alt=\"fetes viranos\" class=\"wp-image-1985\" srcset=\"https:\/\/www.campingorangeraie.com\/wp-content\/uploads\/2022\/09\/fetes-vinaros-espagne.jpg 800w, https:\/\/www.campingorangeraie.com\/wp-content\/uploads\/2022\/09\/fetes-vinaros-espagne-300x225.jpg 300w, https:\/\/www.campingorangeraie.com\/wp-content\/uploads\/2022\/09\/fetes-vinaros-espagne-768x576.jpg 768w\" sizes=\"auto, (max-width: 800px) 100vw, 800px\" \/><\/a><\/figure>\n\n\n\n<figure class=\"wp-block-image size-full animated fadeInLeft delay-500ms\"><a href=\"https:\/\/www.campingorangeraie.com\/wp-content\/uploads\/2022\/09\/port-de-peche-vinaros.jpg\"><img loading=\"lazy\" decoding=\"async\" width=\"800\" height=\"600\" data-id=\"1980\" src=\"https:\/\/www.campingorangeraie.com\/wp-content\/uploads\/2022\/09\/port-de-peche-vinaros.jpg\" alt=\"port de peche viranos castellon\" class=\"wp-image-1980\" srcset=\"https:\/\/www.campingorangeraie.com\/wp-content\/uploads\/2022\/09\/port-de-peche-vinaros.jpg 800w, https:\/\/www.campingorangeraie.com\/wp-content\/uploads\/2022\/09\/port-de-peche-vinaros-300x225.jpg 300w, https:\/\/www.campingorangeraie.com\/wp-content\/uploads\/2022\/09\/port-de-peche-vinaros-768x576.jpg 768w\" sizes=\"auto, (max-width: 800px) 100vw, 800px\" \/><\/a><\/figure>\n<\/figure>\n<\/div>\n\n\n\n<div class=\"wp-block-column is-vertically-aligned-center is-layout-flow wp-block-column-is-layout-flow\" style=\"flex-basis:33.33%\">\n<h2 class=\"ls-heading wp-block-heading\">Unverzichtbare Orte in Vinar\u00f2s<\/h2>\n\n\n\n<p class=\"ls-paragraph\">Vinaros ist der Hauptort der Bucht. Verpassen Sie nicht seinen maritimen Paseo direkt am Meer mit seinen Bars und Restaurants. Seine kleinen Pl\u00e4tze im Stadtzentrum, die zum Faulenzen einladen. Seine Einkaufsstra\u00dfen. Sehenswert sind die Kirche und die Markthallen. Es ist auch die Stadt mit den wenigsten Touristen, in der man das Herz der Spanier am besten schlagen h\u00f6rt. Genie\u00dfen Sie die sommerlichen Veranstaltungen, denn der Sinn f\u00fcr Feste ist hier tief verwurzelt.<br>Ein Aufenthalt auf dem <a href=\"\/de\/\">Campingplatz L&#8217;Orangeraie in Spanien<\/a> wird Ihnen die Gelegenheit bieten, die unumg\u00e4nglichen Sehensw\u00fcrdigkeiten von Vinar\u00f2s zu entdecken. Die n\u00f6rdlichste Destination der Costa del Azahar ist eine Hafenstadt, deren architektonischer Reichtum der Sch\u00f6nheit ihrer Str\u00e4nde in nichts nachsteht. Die Sehensw\u00fcrdigkeiten der Stadt k\u00f6nnen Sie bei einem Spaziergang oder mit einem Audioguide erkunden. Die Stierkampfarena und der Stadtmarkt (Mercat) sind ebenso symboltr\u00e4chtig wie das Rathaus (H\u00f4tel de Ville).<\/p>\n\n\n\n<p class=\"ls-paragraph\">Neben sch\u00f6nen H\u00e4usern wie dem Haus Membrillera, dem Haus Sendra, dem Haus Giner und der Casa de la Vila gibt es ein bedeutendes religi\u00f6ses Erbe zu bewundern: die Kapelle der Heiligen Viktoria, die Kirche San Telmo-Auditorium, die Erzpriesterkirche Mari\u00e4 Himmelfahrt, die Einsiedelei San Gregorio sowie das Heiligtum der Barmherzigkeit, das auf dem Gipfel des Puig de la Misericordia wenige Kilometer von Vinar\u00f2s entfernt thront.<\/p>\n<\/div>\n<\/div>\n\n\n    <\/div>\n<\/section>\n\n<section id=\"ls-section-block_ee786b7fba1e4f9b6ae90e7bcd048ec3\" class=\"ls-section  page-two petal-left has-background has-color-3-background-color has-p-t p-t-14 has-p-b p-b-14\" >\n        <div class=\"container container--wide\">\n        \n\n<div class=\"wp-block-columns is-layout-flex wp-container-core-columns-is-layout-9d6595d7 wp-block-columns-is-layout-flex\">\n<div class=\"wp-block-column is-vertically-aligned-center is-layout-flow wp-block-column-is-layout-flow\" style=\"flex-basis:33.33%\">\n<h2 class=\"ls-heading wp-block-heading\">Familienfreundliche Aktivit\u00e4ten in Vinaros<\/h2>\n\n\n\n<p class=\"ls-paragraph\">Mit seiner einzigartigen Umgebung, die aus einer 12 km langen Mittelmeerk\u00fcste und 26 Str\u00e4nden oder Buchten besteht, eignet sich Vinar\u00f2s f\u00fcr zahlreiche Aktivit\u00e4ten mit der ganzen Familie. Das Meer und die K\u00fcste stehen im Mittelpunkt des Tourismus in Vinar\u00f2s, mit zug\u00e4nglichen und bewachten Str\u00e4nden, paradiesischen Buchten zum Schnorcheln und einem Hafen, in dem man zahlreiche Wassersportarten aus\u00fcben kann.<\/p>\n\n\n\n<p class=\"ls-paragraph\">Angenehme Spazierg\u00e4nge erwarten Sie auch im Stadtzentrum oder in der Natur, dank eines spielerischen Audioguides, um die Stadt mit Ihren Kindern zu erkunden, und malerischen Wanderrouten in der Natur.<\/p>\n\n\n\n<p class=\"ls-paragraph\"><strong>Vinaros ist ein mit dem Tour &amp; Kids-Siegel ausgezeichnetes Reiseziel und bietet zahlreiche Aktivit\u00e4ten f\u00fcr Familien, darunter Sommeranimation f\u00fcr Kinder, kinderwagengerechte Freizeitbereiche, Ausfl\u00fcge aufs Meer, ausgeschilderte Fahrradwege und Spielaktivit\u00e4ten an den Str\u00e4nden.<\/strong><\/p>\n<\/div>\n\n\n\n<div class=\"wp-block-column is-vertically-aligned-center is-layout-flow wp-block-column-is-layout-flow\" style=\"flex-basis:66.66%\">\n<figure class=\"wp-block-gallery has-nested-images columns-default is-cropped wp-block-gallery-2 is-layout-flex wp-block-gallery-is-layout-flex\">\n<figure class=\"wp-block-image size-full animated fadeInLeft delay-200ms\"><a href=\"https:\/\/www.campingorangeraie.com\/wp-content\/uploads\/2022\/09\/architecture-vinaroos-plage.jpg\"><img loading=\"lazy\" decoding=\"async\" width=\"800\" height=\"600\" data-id=\"1991\" src=\"https:\/\/www.campingorangeraie.com\/wp-content\/uploads\/2022\/09\/architecture-vinaroos-plage.jpg\" alt=\"architecture vinaros\" class=\"wp-image-1991\" srcset=\"https:\/\/www.campingorangeraie.com\/wp-content\/uploads\/2022\/09\/architecture-vinaroos-plage.jpg 800w, https:\/\/www.campingorangeraie.com\/wp-content\/uploads\/2022\/09\/architecture-vinaroos-plage-300x225.jpg 300w, https:\/\/www.campingorangeraie.com\/wp-content\/uploads\/2022\/09\/architecture-vinaroos-plage-768x576.jpg 768w\" sizes=\"auto, (max-width: 800px) 100vw, 800px\" \/><\/a><\/figure>\n\n\n\n<figure class=\"wp-block-image size-full animated fadeInRight delay-200ms\"><a href=\"https:\/\/www.campingorangeraie.com\/wp-content\/uploads\/2022\/09\/plage-vinaros-castellon-1.jpg\"><img loading=\"lazy\" decoding=\"async\" width=\"800\" height=\"600\" data-id=\"2003\" src=\"https:\/\/www.campingorangeraie.com\/wp-content\/uploads\/2022\/09\/plage-vinaros-castellon-1.jpg\" alt=\"plage viranos\" class=\"wp-image-2003\" srcset=\"https:\/\/www.campingorangeraie.com\/wp-content\/uploads\/2022\/09\/plage-vinaros-castellon-1.jpg 800w, https:\/\/www.campingorangeraie.com\/wp-content\/uploads\/2022\/09\/plage-vinaros-castellon-1-300x225.jpg 300w, https:\/\/www.campingorangeraie.com\/wp-content\/uploads\/2022\/09\/plage-vinaros-castellon-1-768x576.jpg 768w\" sizes=\"auto, (max-width: 800px) 100vw, 800px\" \/><\/a><\/figure>\n<\/figure>\n<\/div>\n<\/div>\n\n\n    <\/div>\n<\/section>\n\n<section id=\"ls-section-block_bed32a957c0e9ec4e6ef55e12b6a122c\" class=\"ls-section \" >\n        <div class=\"container container--wide\">\n        \n\n<div class=\"wp-block-columns is-layout-flex wp-container-core-columns-is-layout-9d6595d7 wp-block-columns-is-layout-flex\">\n<div class=\"wp-block-column is-layout-flow wp-block-column-is-layout-flow\">\n<iframe src=\"https:\/\/www.google.com\/maps\/embed?pb=!1m28!1m12!1m3!1d48569.403077099516!2d0.39707973318546186!3d40.462261746496345!2m3!1f0!2f0!3f0!3m2!1i1024!2i768!4f13.1!4m13!3e0!4m5!1s0x12a04339cc10acef%3A0xc519d5755c5cd22c!2sCamping%20Orangeraie%2C%20Pol%C3%ADgono%209%2C%20Parcela%20117%2C%2012589%20C%C3%A0lig%2C%20Castell%C3%B3%2C%20Espagne!3m2!1d40.4517975!2d0.35294169999999997!4m5!1s0x12a04fe40076ed75%3A0x11209302b14c1a2a!2s12500%20Vinar%C3%B2s%2C%20Castell%C3%B3n%2C%20Espagne!3m2!1d40.4679855!2d0.4747301!5e0!3m2!1sfr!2sfr!4v1664348687163!5m2!1sfr!2sfr\" width=\"600\" height=\"450\" style=\"border:0;\" allowfullscreen=\"\" loading=\"lazy\" referrerpolicy=\"no-referrer-when-downgrade\"><\/iframe>\n<\/div>\n\n\n\n<div class=\"wp-block-column is-vertically-aligned-center is-layout-flow wp-block-column-is-layout-flow\">\n<h2 class=\"ls__heading has-text-align-left wp-block-heading\">Vinar\u00f2s nur 19 min vom Campingplatz entfernt<\/h2>\n\n\n\n<p class=\"ls-paragraph\">Als Campingplatz in der N\u00e4he von Vinar\u00f2s macht es Ihnen L&#8217;Orangeraie leicht, die Veranstaltungen, Feste und Freizeitaktivit\u00e4ten, die dort im Sommer stattfinden, zu genie\u00dfen. Weniger als 13 km vom Hafen von Vinar\u00f2s entfernt, k\u00f6nnen Sie die Einkaufsstra\u00dfen und die sch\u00f6nen Str\u00e4nde des Ortes in weniger als 20 Minuten erreichen.<\/p>\n\n\n\n<p class=\"ls-paragraph\">Wenn Sie Ihren Urlaub auf einem Campingplatz in der N\u00e4he von Vinar\u00f2s buchen, k\u00f6nnen Sie sicher sein, dass Sie einen ma\u00dfgeschneiderten Aufenthalt erleben, der Besichtigungen von Sehensw\u00fcrdigkeiten, Wassersport, Faulenzen am Strand, Familienaktivit\u00e4ten und Shopping umfasst.<\/p>\n<\/div>\n<\/div>\n\n\n    <\/div>\n<\/section>\n\n<section id=\"ls-section-block_5de0bc5fdb489be08d0e07481171a78e\" class=\"ls-section  page-maillage has-p-t p-t-14 has-p-b p-b-14\" >\n        <div class=\"container container--wide\">\n        \n\n<div id=\"ls-heading ls-titre-div-block_d5ea0af72d15edfbfb0f8db181da5334\" class=\"ls-titre-div aligncenter h2-like\" >\n    Entdecken Sie die Animationen , die Dienstleistungen und die Mobilheime unseres Campingplatzes<\/div>\n\n\n<div id=\"ls-maillage-block_88b5d9a389475689cb9e11542609b64a\" class=\"ls-maillage cta-style-normal\" data-rows=\"3\">\r\n    <div class=\"wp-block-columns\"><div class=\"wp-block-column\">\n\n<a href=\"https:\/\/www.campingorangeraie.com\/de\/zelten-animation-calig\/\" target=\"\" rel=\"noopener\" class=\"ls-cta__link\" data-categ=\"\">\n\t<div class=\"ls-cta__image\"><img decoding=\"async\" src=\"https:\/\/www.campingorangeraie.com\/wp-content\/uploads\/2022\/09\/Sans-titre-2.jpg\" alt=\"animation camping paradis l'orangeraie\"><\/div>\n\t<div class=\"ls-cta__title\">\n\t\tNos animations familiales\t<\/div>\n\n\t<\/a><\/div><div class=\"wp-block-column\">\n\n<a href=\"https:\/\/www.campingorangeraie.com\/de\/standort-mobil-heimat-kalig\/\" target=\"\" rel=\"noopener\" class=\"ls-cta__link\" data-categ=\"\">\n\t<div class=\"ls-cta__image\"><img decoding=\"async\" src=\"https:\/\/www.campingorangeraie.com\/wp-content\/uploads\/2022\/09\/Camping-de-lorangeraie-2021-84-1-scaled.jpeg\" alt=\"location mobil home orangeraie\"><\/div>\n\t<div class=\"ls-cta__title\">\n\t\tMobilheim\t<\/div>\n\n\t<\/a><\/div><div class=\"wp-block-column\">\n\n<a href=\"https:\/\/www.campingorangeraie.com\/de\/camping-familien-kalig\/\" target=\"\" rel=\"noopener\" class=\"ls-cta__link\" data-categ=\"\">\n\t<div class=\"ls-cta__image\"><img decoding=\"async\" src=\"https:\/\/www.campingorangeraie.com\/wp-content\/uploads\/2022\/09\/service-camping-orangeraie.jpg\" alt=\"service camping orangeraie\"><\/div>\n\t<div class=\"ls-cta__title\">\n\t\tDienste\t<\/div>\n\n\t<\/a><\/div><\/div><\/div>\n\n    <\/div>\n<\/section>","protected":false},"excerpt":{"rendered":"","protected":false},"author":1,"featured_media":1945,"parent":0,"menu_order":0,"comment_status":"closed","ping_status":"closed","template":"","meta":{"_acf_changed":false,"footnotes":""},"sujet":[],"class_list":["post-3645","page","type-page","status-publish","has-post-thumbnail","hentry"],"acf":[],"yoast_head":"<!-- This site is optimized with the Yoast SEO plugin v23.4 - https:\/\/yoast.com\/wordpress\/plugins\/seo\/ -->\n<title>Camping Vinaros | Vinaros Tourismus | Aktivit\u00e4ten in Vinaros<\/title>\n<meta name=\"robots\" content=\"index, follow, max-snippet:-1, max-image-preview:large, max-video-preview:-1\" \/>\n<link rel=\"canonical\" href=\"https:\/\/www.campingorangeraie.com\/de\/camping-vinaros\/\" \/>\n<meta property=\"og:locale\" content=\"de_DE\" \/>\n<meta property=\"og:type\" content=\"article\" \/>\n<meta property=\"og:title\" content=\"Camping Vinaros | Vinaros Tourismus | Aktivit\u00e4ten in Vinaros\" \/>\n<meta property=\"og:url\" content=\"https:\/\/www.campingorangeraie.com\/de\/camping-vinaros\/\" \/>\n<meta property=\"og:site_name\" content=\"Camping Orangeraie\" \/>\n<meta property=\"article:modified_time\" content=\"2022-11-21T11:06:21+00:00\" \/>\n<meta property=\"og:image\" content=\"https:\/\/www.campingorangeraie.com\/wp-content\/uploads\/2022\/09\/vinaros-espagne.jpg\" \/>\n\t<meta property=\"og:image:width\" content=\"1920\" \/>\n\t<meta property=\"og:image:height\" content=\"1080\" \/>\n\t<meta property=\"og:image:type\" content=\"image\/jpeg\" \/>\n<meta name=\"twitter:card\" content=\"summary_large_image\" \/>\n<meta name=\"twitter:label1\" content=\"Gesch\u00e4tzte Lesezeit\" \/>\n\t<meta name=\"twitter:data1\" content=\"3\u00a0Minuten\" \/>\n<script type=\"application\/ld+json\" class=\"yoast-schema-graph\">{\"@context\":\"https:\/\/schema.org\",\"@graph\":[{\"@type\":\"WebPage\",\"@id\":\"https:\/\/www.campingorangeraie.com\/de\/camping-vinaros\/\",\"url\":\"https:\/\/www.campingorangeraie.com\/de\/camping-vinaros\/\",\"name\":\"Camping Vinaros | Vinaros Tourismus | Aktivit\u00e4ten in Vinaros\",\"isPartOf\":{\"@id\":\"https:\/\/www.campingorangeraie.com\/#website\"},\"primaryImageOfPage\":{\"@id\":\"https:\/\/www.campingorangeraie.com\/de\/camping-vinaros\/#primaryimage\"},\"image\":{\"@id\":\"https:\/\/www.campingorangeraie.com\/de\/camping-vinaros\/#primaryimage\"},\"thumbnailUrl\":\"https:\/\/www.campingorangeraie.com\/wp-content\/uploads\/2022\/09\/vinaros-espagne.jpg\",\"datePublished\":\"2022-09-20T12:07:14+00:00\",\"dateModified\":\"2022-11-21T11:06:21+00:00\",\"breadcrumb\":{\"@id\":\"https:\/\/www.campingorangeraie.com\/de\/camping-vinaros\/#breadcrumb\"},\"inLanguage\":\"de\",\"potentialAction\":[{\"@type\":\"ReadAction\",\"target\":[\"https:\/\/www.campingorangeraie.com\/de\/camping-vinaros\/\"]}]},{\"@type\":\"ImageObject\",\"inLanguage\":\"de\",\"@id\":\"https:\/\/www.campingorangeraie.com\/de\/camping-vinaros\/#primaryimage\",\"url\":\"https:\/\/www.campingorangeraie.com\/wp-content\/uploads\/2022\/09\/vinaros-espagne.jpg\",\"contentUrl\":\"https:\/\/www.campingorangeraie.com\/wp-content\/uploads\/2022\/09\/vinaros-espagne.jpg\",\"width\":1920,\"height\":1080,\"caption\":\"vinaros costa azahar espagne\"},{\"@type\":\"BreadcrumbList\",\"@id\":\"https:\/\/www.campingorangeraie.com\/de\/camping-vinaros\/#breadcrumb\",\"itemListElement\":[{\"@type\":\"ListItem\",\"position\":1,\"name\":\"Camping Peniscola\",\"item\":\"https:\/\/www.campingorangeraie.com\/de\/\"},{\"@type\":\"ListItem\",\"position\":2,\"name\":\"Campingplatz in der N\u00e4he von Vinaros\"}]},{\"@type\":\"WebSite\",\"@id\":\"https:\/\/www.campingorangeraie.com\/#website\",\"url\":\"https:\/\/www.campingorangeraie.com\/\",\"name\":\"Camping Orangeraie\",\"description\":\"\",\"publisher\":{\"@id\":\"https:\/\/www.campingorangeraie.com\/#organization\"},\"potentialAction\":[{\"@type\":\"SearchAction\",\"target\":{\"@type\":\"EntryPoint\",\"urlTemplate\":\"https:\/\/www.campingorangeraie.com\/?s={search_term_string}\"},\"query-input\":{\"@type\":\"PropertyValueSpecification\",\"valueRequired\":true,\"valueName\":\"search_term_string\"}}],\"inLanguage\":\"de\"},{\"@type\":\"Organization\",\"@id\":\"https:\/\/www.campingorangeraie.com\/#organization\",\"name\":\"Camping L'Orangeraie\",\"url\":\"https:\/\/www.campingorangeraie.com\/\",\"logo\":{\"@type\":\"ImageObject\",\"inLanguage\":\"de\",\"@id\":\"https:\/\/www.campingorangeraie.com\/#\/schema\/logo\/image\/\",\"url\":\"https:\/\/www.campingorangeraie.com\/wp-content\/uploads\/2022\/09\/logo_orangeraie-banner.png\",\"contentUrl\":\"https:\/\/www.campingorangeraie.com\/wp-content\/uploads\/2022\/09\/logo_orangeraie-banner.png\",\"width\":500,\"height\":500,\"caption\":\"Camping L'Orangeraie\"},\"image\":{\"@id\":\"https:\/\/www.campingorangeraie.com\/#\/schema\/logo\/image\/\"}}]}<\/script>\n<!-- \/ Yoast SEO plugin. -->","yoast_head_json":{"title":"Camping Vinaros | Vinaros Tourismus | Aktivit\u00e4ten in Vinaros","robots":{"index":"index","follow":"follow","max-snippet":"max-snippet:-1","max-image-preview":"max-image-preview:large","max-video-preview":"max-video-preview:-1"},"canonical":"https:\/\/www.campingorangeraie.com\/de\/camping-vinaros\/","og_locale":"de_DE","og_type":"article","og_title":"Camping Vinaros | Vinaros Tourismus | Aktivit\u00e4ten in Vinaros","og_url":"https:\/\/www.campingorangeraie.com\/de\/camping-vinaros\/","og_site_name":"Camping Orangeraie","article_modified_time":"2022-11-21T11:06:21+00:00","og_image":[{"width":1920,"height":1080,"url":"https:\/\/www.campingorangeraie.com\/wp-content\/uploads\/2022\/09\/vinaros-espagne.jpg","type":"image\/jpeg"}],"twitter_card":"summary_large_image","twitter_misc":{"Gesch\u00e4tzte Lesezeit":"3\u00a0Minuten"},"schema":{"@context":"https:\/\/schema.org","@graph":[{"@type":"WebPage","@id":"https:\/\/www.campingorangeraie.com\/de\/camping-vinaros\/","url":"https:\/\/www.campingorangeraie.com\/de\/camping-vinaros\/","name":"Camping Vinaros | Vinaros Tourismus | Aktivit\u00e4ten in Vinaros","isPartOf":{"@id":"https:\/\/www.campingorangeraie.com\/#website"},"primaryImageOfPage":{"@id":"https:\/\/www.campingorangeraie.com\/de\/camping-vinaros\/#primaryimage"},"image":{"@id":"https:\/\/www.campingorangeraie.com\/de\/camping-vinaros\/#primaryimage"},"thumbnailUrl":"https:\/\/www.campingorangeraie.com\/wp-content\/uploads\/2022\/09\/vinaros-espagne.jpg","datePublished":"2022-09-20T12:07:14+00:00","dateModified":"2022-11-21T11:06:21+00:00","breadcrumb":{"@id":"https:\/\/www.campingorangeraie.com\/de\/camping-vinaros\/#breadcrumb"},"inLanguage":"de","potentialAction":[{"@type":"ReadAction","target":["https:\/\/www.campingorangeraie.com\/de\/camping-vinaros\/"]}]},{"@type":"ImageObject","inLanguage":"de","@id":"https:\/\/www.campingorangeraie.com\/de\/camping-vinaros\/#primaryimage","url":"https:\/\/www.campingorangeraie.com\/wp-content\/uploads\/2022\/09\/vinaros-espagne.jpg","contentUrl":"https:\/\/www.campingorangeraie.com\/wp-content\/uploads\/2022\/09\/vinaros-espagne.jpg","width":1920,"height":1080,"caption":"vinaros costa azahar espagne"},{"@type":"BreadcrumbList","@id":"https:\/\/www.campingorangeraie.com\/de\/camping-vinaros\/#breadcrumb","itemListElement":[{"@type":"ListItem","position":1,"name":"Camping Peniscola","item":"https:\/\/www.campingorangeraie.com\/de\/"},{"@type":"ListItem","position":2,"name":"Campingplatz in der N\u00e4he von Vinaros"}]},{"@type":"WebSite","@id":"https:\/\/www.campingorangeraie.com\/#website","url":"https:\/\/www.campingorangeraie.com\/","name":"Camping Orangeraie","description":"","publisher":{"@id":"https:\/\/www.campingorangeraie.com\/#organization"},"potentialAction":[{"@type":"SearchAction","target":{"@type":"EntryPoint","urlTemplate":"https:\/\/www.campingorangeraie.com\/?s={search_term_string}"},"query-input":{"@type":"PropertyValueSpecification","valueRequired":true,"valueName":"search_term_string"}}],"inLanguage":"de"},{"@type":"Organization","@id":"https:\/\/www.campingorangeraie.com\/#organization","name":"Camping L'Orangeraie","url":"https:\/\/www.campingorangeraie.com\/","logo":{"@type":"ImageObject","inLanguage":"de","@id":"https:\/\/www.campingorangeraie.com\/#\/schema\/logo\/image\/","url":"https:\/\/www.campingorangeraie.com\/wp-content\/uploads\/2022\/09\/logo_orangeraie-banner.png","contentUrl":"https:\/\/www.campingorangeraie.com\/wp-content\/uploads\/2022\/09\/logo_orangeraie-banner.png","width":500,"height":500,"caption":"Camping L'Orangeraie"},"image":{"@id":"https:\/\/www.campingorangeraie.com\/#\/schema\/logo\/image\/"}}]}},"_links":{"self":[{"href":"https:\/\/www.campingorangeraie.com\/de\/wp-json\/wp\/v2\/pages\/3645","targetHints":{"allow":["GET"]}}],"collection":[{"href":"https:\/\/www.campingorangeraie.com\/de\/wp-json\/wp\/v2\/pages"}],"about":[{"href":"https:\/\/www.campingorangeraie.com\/de\/wp-json\/wp\/v2\/types\/page"}],"author":[{"embeddable":true,"href":"https:\/\/www.campingorangeraie.com\/de\/wp-json\/wp\/v2\/users\/1"}],"replies":[{"embeddable":true,"href":"https:\/\/www.campingorangeraie.com\/de\/wp-json\/wp\/v2\/comments?post=3645"}],"version-history":[{"count":4,"href":"https:\/\/www.campingorangeraie.com\/de\/wp-json\/wp\/v2\/pages\/3645\/revisions"}],"predecessor-version":[{"id":4197,"href":"https:\/\/www.campingorangeraie.com\/de\/wp-json\/wp\/v2\/pages\/3645\/revisions\/4197"}],"wp:featuredmedia":[{"embeddable":true,"href":"https:\/\/www.campingorangeraie.com\/de\/wp-json\/wp\/v2\/media\/1945"}],"wp:attachment":[{"href":"https:\/\/www.campingorangeraie.com\/de\/wp-json\/wp\/v2\/media?parent=3645"}],"wp:term":[{"taxonomy":"sujet","embeddable":true,"href":"https:\/\/www.campingorangeraie.com\/de\/wp-json\/wp\/v2\/sujet?post=3645"}],"curies":[{"name":"wp","href":"https:\/\/api.w.org\/{rel}","templated":true}]}}